{"id":996,"date":"2026-03-16T13:39:07","date_gmt":"2026-03-16T12:39:07","guid":{"rendered":"https:\/\/brandbook.enbra.cz\/?page_id=996"},"modified":"2026-03-23T15:54:04","modified_gmt":"2026-03-23T14:54:04","slug":"dokumenty","status":"publish","type":"page","link":"https:\/\/brandbook.enbra.cz\/?page_id=996","title":{"rendered":"Dokumenty"},"content":{"rendered":"\n<div class=\"wp-block-group uvodni-text\"><div class=\"wp-block-group__inner-container is-layout-constrained wp-block-group-is-layout-constrained\">\n<div class=\"wp-block-columns is-layout-flex wp-container-core-columns-is-layout-9d6595d7 wp-block-columns-is-layout-flex\">\n<div class=\"wp-block-column text is-layout-flow wp-block-column-is-layout-flow\">\n<h1 class=\"wp-block-heading\">Dokumenty<\/h1>\n\n\n\n<p>Vizu\u00e1ln\u00ed identita vyu\u017e\u00edv\u00e1 dv\u011b barevn\u00e9 palety. Z\u00e1kladn\u00ed paletu tvo\u0159\u00ed hn\u011bd\u00e9, zemit\u00e9 a&nbsp;ple\u0165ov\u00e9 t\u00f3ny dopln\u011bn\u00e9 o&nbsp;zlatou. Druhou paletou je paleta pro kolekci Stuchl\u00edk Original a&nbsp;tvo\u0159\u00ed ji modro zlat\u00e1.<\/p>\n<\/div>\n\n\n\n<div class=\"wp-block-column tlacitko is-layout-flow wp-block-column-is-layout-flow\">\n<div class=\"wp-block-buttons is-layout-flex wp-block-buttons-is-layout-flex\">\n<div class=\"wp-block-button\"><a class=\"wp-block-button__link wp-element-button\" href=\"https:\/\/www.enbra.cz\/\" target=\"_blank\" rel=\"noopener\"><svg width=\"24\" height=\"24\" viewBox=\"0 0 24 24\" fill=\"none\" xmlns=\"http:\/\/www.w3.org\/2000\/svg\">\n<g id=\"SIPKA_PRAVA_IKONA\">\n<path id=\"Vector\" d=\"M12 21.25C17.1086 21.25 21.25 17.1086 21.25 12C21.25 6.89137 17.1086 2.75 12 2.75C6.89137 2.75 2.75 6.89137 2.75 12C2.75 17.1086 6.89137 21.25 12 21.25Z\" stroke=\"#00B45A\" stroke-width=\"1.5\" stroke-miterlimit=\"10\"><\/path>\n<path id=\"Vector_2\" d=\"M7.5 12H15\" stroke=\"#00B45A\" stroke-width=\"1.5\" stroke-miterlimit=\"10\"><\/path>\n<path id=\"Vector_3\" d=\"M12.5 8.5L15.645 11.645C15.84 11.84 15.84 12.155 15.645 12.35L12.5 15.495\" stroke=\"#00B45A\" stroke-width=\"1.5\" stroke-miterlimit=\"10\"><\/path>\n<\/g>\n<\/svg>web enbra.cz<\/a><\/div>\n<\/div>\n<\/div>\n<\/div>\n<\/div><\/div>\n\n\n\n<div class=\"wp-block-group rychla-navigace is-vertical is-layout-flex wp-container-core-group-is-layout-8cf370e7 wp-block-group-is-layout-flex\">\n<h2 class=\"wp-block-heading\"><button onclick=\"copyAnchor(this)\" data-tooltip=\"Kop\u00edrovat\" data-anchor=\"https:\/\/brandbook.enbra.cz\/?page_id=996#rychla-navigace\" aria-hidden=\"true\" class=\"tct-anchor tooltip\" id=\"rychla-navigace\"><svg width=\"24\" height=\"24\" viewBox=\"0 0 24 24\" fill=\"none\" xmlns=\"http:\/\/www.w3.org\/2000\/svg\"><g id=\"LINK_IKONA\"><path id=\"Vector\" d=\"M9 7.25H7.5C4.875 7.25 2.75 9.375 2.75 12C2.75 14.625 4.875 16.75 7.5 16.75H9\" stroke=\"#99E1BD\" stroke-width=\"1.5\" stroke-miterlimit=\"10\"\/><path id=\"Vector_2\" d=\"M15 7.25H16.5C19.125 7.25 21.25 9.375 21.25 12C21.25 14.625 19.125 16.75 16.5 16.75H15\" stroke=\"#99E1BD\" stroke-width=\"1.5\" stroke-miterlimit=\"10\"\/><path id=\"Vector_3\" d=\"M7 12H17\" stroke=\"#99E1BD\" stroke-width=\"1.5\" stroke-miterlimit=\"10\"\/><\/g><\/svg><\/button>Rychl\u00e1 navigace<\/h2>\n\n\n\n<div class=\"wp-block-buttons is-layout-flex wp-block-buttons-is-layout-flex\">\n<div class=\"wp-block-button\"><a class=\"wp-block-button__link wp-element-button\" href=\"#hlavni-dokumenty\">Hlavn\u00ed dokumenty ke sta\u017een\u00ed<\/a><\/div>\n\n\n\n<div class=\"wp-block-button\"><a class=\"wp-block-button__link wp-element-button\" href=\"#dalsi-dokumenty\">Dal\u0161\u00ed dokumenty ke sta\u017een\u00ed<\/a><\/div>\n<\/div>\n<\/div>\n\n\n\n<section id=\"hlavni-dokumenty\" class=\"wp-block-group text-dokumenty anchor-link\"><div class=\"wp-block-group__inner-container is-layout-constrained wp-block-group-is-layout-constrained\">\n<div class=\"wp-block-group text is-vertical is-layout-flex wp-container-core-group-is-layout-8cf370e7 wp-block-group-is-layout-flex\">\n<h2 class=\"wp-block-heading\"><button onclick=\"copyAnchor(this)\" data-tooltip=\"Kop\u00edrovat\" data-anchor=\"https:\/\/brandbook.enbra.cz\/?page_id=996#hlavni-dokumenty-ke-stazeni\" aria-hidden=\"true\" class=\"tct-anchor tooltip\" id=\"hlavni-dokumenty-ke-stazeni\"><svg width=\"24\" height=\"24\" viewBox=\"0 0 24 24\" fill=\"none\" xmlns=\"http:\/\/www.w3.org\/2000\/svg\"><g id=\"LINK_IKONA\"><path id=\"Vector\" d=\"M9 7.25H7.5C4.875 7.25 2.75 9.375 2.75 12C2.75 14.625 4.875 16.75 7.5 16.75H9\" stroke=\"#99E1BD\" stroke-width=\"1.5\" stroke-miterlimit=\"10\"\/><path id=\"Vector_2\" d=\"M15 7.25H16.5C19.125 7.25 21.25 9.375 21.25 12C21.25 14.625 19.125 16.75 16.5 16.75H15\" stroke=\"#99E1BD\" stroke-width=\"1.5\" stroke-miterlimit=\"10\"\/><path id=\"Vector_3\" d=\"M7 12H17\" stroke=\"#99E1BD\" stroke-width=\"1.5\" stroke-miterlimit=\"10\"\/><\/g><\/svg><\/button>Hlavn\u00ed dokumenty ke sta\u017een\u00ed<\/h2>\n\n\n\n<p>Dominantn\u00ed barvou vizu\u00e1ln\u00edho stylu je&nbsp;tmav\u00e1 hn\u011bd\u00e1. V&nbsp;kombinaci se zlat\u00fdmi materi\u00e1ly symbolizuje luxus, kter\u00fd se odr\u00e1\u017e\u00ed i&nbsp;ve \u0161perc\u00edch Stuchl\u00edk.<\/p>\n\n\n\n<p>Z\u00e1kladn\u00ed barevn\u00e1 paleta vych\u00e1z\u00ed z&nbsp;p\u0159\u00edrodn\u00edch odst\u00edn\u016f a&nbsp;materi\u00e1l\u016f. Hlavn\u00ed hn\u011bd\u00e1 barva je dopln\u011bn\u00e1 b\u00e9\u017eov\u00fdmi t\u00f3ny a&nbsp;prvky v&nbsp;b\u00edl\u00e9 a&nbsp;zlat\u00e9.<\/p>\n<\/div>\n\n\n\n<div class=\"wp-block-group dokumenty is-vertical is-layout-flex wp-container-core-group-is-layout-8cf370e7 wp-block-group-is-layout-flex\">\n<div class=\"wp-block-group dokument is-vertical is-layout-flex wp-container-core-group-is-layout-8cf370e7 wp-block-group-is-layout-flex\">\n<h3 class=\"wp-block-heading\"><button onclick=\"copyAnchor(this)\" data-tooltip=\"Kop\u00edrovat\" data-anchor=\"https:\/\/brandbook.enbra.cz\/?page_id=996#zelene-logo\" aria-hidden=\"true\" class=\"tct-anchor tooltip\" id=\"zelene-logo\"><svg width=\"24\" height=\"24\" viewBox=\"0 0 24 24\" fill=\"none\" xmlns=\"http:\/\/www.w3.org\/2000\/svg\"><g id=\"LINK_IKONA\"><path id=\"Vector\" d=\"M9 7.25H7.5C4.875 7.25 2.75 9.375 2.75 12C2.75 14.625 4.875 16.75 7.5 16.75H9\" stroke=\"#99E1BD\" stroke-width=\"1.5\" stroke-miterlimit=\"10\"\/><path id=\"Vector_2\" d=\"M15 7.25H16.5C19.125 7.25 21.25 9.375 21.25 12C21.25 14.625 19.125 16.75 16.5 16.75H15\" stroke=\"#99E1BD\" stroke-width=\"1.5\" stroke-miterlimit=\"10\"\/><path id=\"Vector_3\" d=\"M7 12H17\" stroke=\"#99E1BD\" stroke-width=\"1.5\" stroke-miterlimit=\"10\"\/><\/g><\/svg><\/button>Zelen\u00e9 logo<\/h3>\n\n\n\n<div class=\"wp-block-buttons is-layout-flex wp-block-buttons-is-layout-flex\">\n<div class=\"wp-block-button\"><a class=\"wp-block-button__link wp-element-button\" href=\"http:\/\/www.google.com\" target=\"_blank\" rel=\"noopener\">St\u00e1hnout dokument<svg width=\"24\" height=\"24\" viewBox=\"0 0 24 24\" fill=\"none\" xmlns=\"http:\/\/www.w3.org\/2000\/svg\">\n<g id=\"STAHNOUT_IKONA\">\n<path id=\"Vector\" d=\"M20.25 15.5V18.25C20.25 19.355 19.355 20.25 18.25 20.25H5.75C4.645 20.25 3.75 19.355 3.75 18.25V15.5\" stroke=\"white\" stroke-width=\"1.5\" stroke-miterlimit=\"10\"><\/path>\n<path id=\"Vector_2\" d=\"M16.9999 11.5L12.3549 16.145C12.1599 16.34 11.8449 16.34 11.6499 16.145L7.00488 11.5\" stroke=\"white\" stroke-width=\"1.5\" stroke-miterlimit=\"10\"><\/path>\n<path id=\"Vector_3\" d=\"M12 16.5V3\" stroke=\"white\" stroke-width=\"1.5\" stroke-miterlimit=\"10\"><\/path>\n<\/g>\n<\/svg><\/a><\/div>\n<\/div>\n<\/div>\n\n\n\n<div class=\"wp-block-group dokument is-vertical is-layout-flex wp-container-core-group-is-layout-8cf370e7 wp-block-group-is-layout-flex\">\n<h3 class=\"wp-block-heading\"><button onclick=\"copyAnchor(this)\" data-tooltip=\"Kop\u00edrovat\" data-anchor=\"https:\/\/brandbook.enbra.cz\/?page_id=996#zelene-logo\" aria-hidden=\"true\" class=\"tct-anchor tooltip\" id=\"zelene-logo\"><svg width=\"24\" height=\"24\" viewBox=\"0 0 24 24\" fill=\"none\" xmlns=\"http:\/\/www.w3.org\/2000\/svg\"><g id=\"LINK_IKONA\"><path id=\"Vector\" d=\"M9 7.25H7.5C4.875 7.25 2.75 9.375 2.75 12C2.75 14.625 4.875 16.75 7.5 16.75H9\" stroke=\"#99E1BD\" stroke-width=\"1.5\" stroke-miterlimit=\"10\"\/><path id=\"Vector_2\" d=\"M15 7.25H16.5C19.125 7.25 21.25 9.375 21.25 12C21.25 14.625 19.125 16.75 16.5 16.75H15\" stroke=\"#99E1BD\" stroke-width=\"1.5\" stroke-miterlimit=\"10\"\/><path id=\"Vector_3\" d=\"M7 12H17\" stroke=\"#99E1BD\" stroke-width=\"1.5\" stroke-miterlimit=\"10\"\/><\/g><\/svg><\/button>Zelen\u00e9 logo<\/h3>\n\n\n\n<div class=\"wp-block-buttons is-layout-flex wp-block-buttons-is-layout-flex\">\n<div class=\"wp-block-button\"><a class=\"wp-block-button__link wp-element-button\">St\u00e1hnout dokument<svg width=\"24\" height=\"24\" viewBox=\"0 0 24 24\" fill=\"none\" xmlns=\"http:\/\/www.w3.org\/2000\/svg\">\n<g id=\"STAHNOUT_IKONA\">\n<path id=\"Vector\" d=\"M20.25 15.5V18.25C20.25 19.355 19.355 20.25 18.25 20.25H5.75C4.645 20.25 3.75 19.355 3.75 18.25V15.5\" stroke=\"white\" stroke-width=\"1.5\" stroke-miterlimit=\"10\"><\/path>\n<path id=\"Vector_2\" d=\"M16.9999 11.5L12.3549 16.145C12.1599 16.34 11.8449 16.34 11.6499 16.145L7.00488 11.5\" stroke=\"white\" stroke-width=\"1.5\" stroke-miterlimit=\"10\"><\/path>\n<path id=\"Vector_3\" d=\"M12 16.5V3\" stroke=\"white\" stroke-width=\"1.5\" stroke-miterlimit=\"10\"><\/path>\n<\/g>\n<\/svg><\/a><\/div>\n<\/div>\n<\/div>\n\n\n\n<div class=\"wp-block-group download is-vertical is-layout-flex wp-container-core-group-is-layout-8cf370e7 wp-block-group-is-layout-flex\">\n<p class=\"stitek\">Cel\u00fd bal\u00edk hlavn\u00edch dokument\u016f log<\/p>\n\n\n\n<div class=\"wp-block-file\"><a id=\"wp-block-file--media-26f21a5f-77f9-41f7-b859-71c52756f2d0\" href=\"https:\/\/brandbook.enbra.cz\/wp-content\/uploads\/2024\/03\/zelene-logo.svg\">zelene-logo<\/a><a href=\"https:\/\/brandbook.enbra.cz\/wp-content\/uploads\/2024\/03\/zelene-logo.svg\" class=\"wp-block-file__button wp-element-button\" aria-describedby=\"wp-block-file--media-26f21a5f-77f9-41f7-b859-71c52756f2d0\" download>St\u00e1hnout ZIP<svg width=\"24\" height=\"24\" viewBox=\"0 0 24 24\" fill=\"none\" xmlns=\"http:\/\/www.w3.org\/2000\/svg\">\n<g id=\"STAHNOUT_IKONA\">\n<path id=\"Vector\" d=\"M20.25 15.5V18.25C20.25 19.355 19.355 20.25 18.25 20.25H5.75C4.645 20.25 3.75 19.355 3.75 18.25V15.5\" stroke=\"white\" stroke-width=\"1.5\" stroke-miterlimit=\"10\"><\/path>\n<path id=\"Vector_2\" d=\"M16.9999 11.5L12.3549 16.145C12.1599 16.34 11.8449 16.34 11.6499 16.145L7.00488 11.5\" stroke=\"white\" stroke-width=\"1.5\" stroke-miterlimit=\"10\"><\/path>\n<path id=\"Vector_3\" d=\"M12 16.5V3\" stroke=\"white\" stroke-width=\"1.5\" stroke-miterlimit=\"10\"><\/path>\n<\/g>\n<\/svg><\/a><\/div>\n<\/div>\n<\/div>\n<\/div><\/section>\n\n\n\n<section id=\"dalsi-dokumenty\" class=\"wp-block-group text-dokumenty anchor-link\"><div class=\"wp-block-group__inner-container is-layout-constrained wp-block-group-is-layout-constrained\">\n<div class=\"wp-block-group text is-vertical is-layout-flex wp-container-core-group-is-layout-8cf370e7 wp-block-group-is-layout-flex\">\n<h2 class=\"wp-block-heading\"><button onclick=\"copyAnchor(this)\" data-tooltip=\"Kop\u00edrovat\" data-anchor=\"https:\/\/brandbook.enbra.cz\/?page_id=996#dalsi-dokumenty-ke-stazeni\" aria-hidden=\"true\" class=\"tct-anchor tooltip\" id=\"dalsi-dokumenty-ke-stazeni\"><svg width=\"24\" height=\"24\" viewBox=\"0 0 24 24\" fill=\"none\" xmlns=\"http:\/\/www.w3.org\/2000\/svg\"><g id=\"LINK_IKONA\"><path id=\"Vector\" d=\"M9 7.25H7.5C4.875 7.25 2.75 9.375 2.75 12C2.75 14.625 4.875 16.75 7.5 16.75H9\" stroke=\"#99E1BD\" stroke-width=\"1.5\" stroke-miterlimit=\"10\"\/><path id=\"Vector_2\" d=\"M15 7.25H16.5C19.125 7.25 21.25 9.375 21.25 12C21.25 14.625 19.125 16.75 16.5 16.75H15\" stroke=\"#99E1BD\" stroke-width=\"1.5\" stroke-miterlimit=\"10\"\/><path id=\"Vector_3\" d=\"M7 12H17\" stroke=\"#99E1BD\" stroke-width=\"1.5\" stroke-miterlimit=\"10\"\/><\/g><\/svg><\/button>Dal\u0161\u00ed dokumenty ke sta\u017een\u00ed<\/h2>\n\n\n\n<p>Dominantn\u00ed barvou vizu\u00e1ln\u00edho stylu je&nbsp;tmav\u00e1 hn\u011bd\u00e1. V&nbsp;kombinaci se zlat\u00fdmi materi\u00e1ly symbolizuje luxus, kter\u00fd se odr\u00e1\u017e\u00ed i&nbsp;ve \u0161perc\u00edch Stuchl\u00edk.<\/p>\n\n\n\n<p>Z\u00e1kladn\u00ed barevn\u00e1 paleta vych\u00e1z\u00ed z&nbsp;p\u0159\u00edrodn\u00edch odst\u00edn\u016f a&nbsp;materi\u00e1l\u016f. Hlavn\u00ed hn\u011bd\u00e1 barva je dopln\u011bn\u00e1 b\u00e9\u017eov\u00fdmi t\u00f3ny a&nbsp;prvky v&nbsp;b\u00edl\u00e9 a&nbsp;zlat\u00e9.<\/p>\n<\/div>\n\n\n\n<div class=\"wp-block-group dokumenty is-vertical is-layout-flex wp-container-core-group-is-layout-8cf370e7 wp-block-group-is-layout-flex\">\n<div class=\"wp-block-group dokument is-vertical is-layout-flex wp-container-core-group-is-layout-8cf370e7 wp-block-group-is-layout-flex\">\n<h3 class=\"wp-block-heading\"><button onclick=\"copyAnchor(this)\" data-tooltip=\"Kop\u00edrovat\" data-anchor=\"https:\/\/brandbook.enbra.cz\/?page_id=996#zelene-logo\" aria-hidden=\"true\" class=\"tct-anchor tooltip\" id=\"zelene-logo\"><svg width=\"24\" height=\"24\" viewBox=\"0 0 24 24\" fill=\"none\" xmlns=\"http:\/\/www.w3.org\/2000\/svg\"><g id=\"LINK_IKONA\"><path id=\"Vector\" d=\"M9 7.25H7.5C4.875 7.25 2.75 9.375 2.75 12C2.75 14.625 4.875 16.75 7.5 16.75H9\" stroke=\"#99E1BD\" stroke-width=\"1.5\" stroke-miterlimit=\"10\"\/><path id=\"Vector_2\" d=\"M15 7.25H16.5C19.125 7.25 21.25 9.375 21.25 12C21.25 14.625 19.125 16.75 16.5 16.75H15\" stroke=\"#99E1BD\" stroke-width=\"1.5\" stroke-miterlimit=\"10\"\/><path id=\"Vector_3\" d=\"M7 12H17\" stroke=\"#99E1BD\" stroke-width=\"1.5\" stroke-miterlimit=\"10\"\/><\/g><\/svg><\/button>Zelen\u00e9 logo<\/h3>\n\n\n\n<div class=\"wp-block-buttons is-layout-flex wp-block-buttons-is-layout-flex\">\n<div class=\"wp-block-button\"><a class=\"wp-block-button__link wp-element-button\">St\u00e1hnout dokument<svg width=\"24\" height=\"24\" viewBox=\"0 0 24 24\" fill=\"none\" xmlns=\"http:\/\/www.w3.org\/2000\/svg\">\n<g id=\"STAHNOUT_IKONA\">\n<path id=\"Vector\" d=\"M20.25 15.5V18.25C20.25 19.355 19.355 20.25 18.25 20.25H5.75C4.645 20.25 3.75 19.355 3.75 18.25V15.5\" stroke=\"white\" stroke-width=\"1.5\" stroke-miterlimit=\"10\"><\/path>\n<path id=\"Vector_2\" d=\"M16.9999 11.5L12.3549 16.145C12.1599 16.34 11.8449 16.34 11.6499 16.145L7.00488 11.5\" stroke=\"white\" stroke-width=\"1.5\" stroke-miterlimit=\"10\"><\/path>\n<path id=\"Vector_3\" d=\"M12 16.5V3\" stroke=\"white\" stroke-width=\"1.5\" stroke-miterlimit=\"10\"><\/path>\n<\/g>\n<\/svg><\/a><\/div>\n<\/div>\n<\/div>\n\n\n\n<div class=\"wp-block-group dokument is-vertical is-layout-flex wp-container-core-group-is-layout-8cf370e7 wp-block-group-is-layout-flex\">\n<h3 class=\"wp-block-heading\"><button onclick=\"copyAnchor(this)\" data-tooltip=\"Kop\u00edrovat\" data-anchor=\"https:\/\/brandbook.enbra.cz\/?page_id=996#zelene-logo\" aria-hidden=\"true\" class=\"tct-anchor tooltip\" id=\"zelene-logo\"><svg width=\"24\" height=\"24\" viewBox=\"0 0 24 24\" fill=\"none\" xmlns=\"http:\/\/www.w3.org\/2000\/svg\"><g id=\"LINK_IKONA\"><path id=\"Vector\" d=\"M9 7.25H7.5C4.875 7.25 2.75 9.375 2.75 12C2.75 14.625 4.875 16.75 7.5 16.75H9\" stroke=\"#99E1BD\" stroke-width=\"1.5\" stroke-miterlimit=\"10\"\/><path id=\"Vector_2\" d=\"M15 7.25H16.5C19.125 7.25 21.25 9.375 21.25 12C21.25 14.625 19.125 16.75 16.5 16.75H15\" stroke=\"#99E1BD\" stroke-width=\"1.5\" stroke-miterlimit=\"10\"\/><path id=\"Vector_3\" d=\"M7 12H17\" stroke=\"#99E1BD\" stroke-width=\"1.5\" stroke-miterlimit=\"10\"\/><\/g><\/svg><\/button>Zelen\u00e9 logo<\/h3>\n\n\n\n<div class=\"wp-block-buttons is-layout-flex wp-block-buttons-is-layout-flex\">\n<div class=\"wp-block-button\"><a class=\"wp-block-button__link wp-element-button\">St\u00e1hnout dokument<svg width=\"24\" height=\"24\" viewBox=\"0 0 24 24\" fill=\"none\" xmlns=\"http:\/\/www.w3.org\/2000\/svg\">\n<g id=\"STAHNOUT_IKONA\">\n<path id=\"Vector\" d=\"M20.25 15.5V18.25C20.25 19.355 19.355 20.25 18.25 20.25H5.75C4.645 20.25 3.75 19.355 3.75 18.25V15.5\" stroke=\"white\" stroke-width=\"1.5\" stroke-miterlimit=\"10\"><\/path>\n<path id=\"Vector_2\" d=\"M16.9999 11.5L12.3549 16.145C12.1599 16.34 11.8449 16.34 11.6499 16.145L7.00488 11.5\" stroke=\"white\" stroke-width=\"1.5\" stroke-miterlimit=\"10\"><\/path>\n<path id=\"Vector_3\" d=\"M12 16.5V3\" stroke=\"white\" stroke-width=\"1.5\" stroke-miterlimit=\"10\"><\/path>\n<\/g>\n<\/svg><\/a><\/div>\n<\/div>\n<\/div>\n\n\n\n<div class=\"wp-block-group dokument is-vertical is-layout-flex wp-container-core-group-is-layout-8cf370e7 wp-block-group-is-layout-flex\">\n<h3 class=\"wp-block-heading\"><button onclick=\"copyAnchor(this)\" data-tooltip=\"Kop\u00edrovat\" data-anchor=\"https:\/\/brandbook.enbra.cz\/?page_id=996#zelene-logo\" aria-hidden=\"true\" class=\"tct-anchor tooltip\" id=\"zelene-logo\"><svg width=\"24\" height=\"24\" viewBox=\"0 0 24 24\" fill=\"none\" xmlns=\"http:\/\/www.w3.org\/2000\/svg\"><g id=\"LINK_IKONA\"><path id=\"Vector\" d=\"M9 7.25H7.5C4.875 7.25 2.75 9.375 2.75 12C2.75 14.625 4.875 16.75 7.5 16.75H9\" stroke=\"#99E1BD\" stroke-width=\"1.5\" stroke-miterlimit=\"10\"\/><path id=\"Vector_2\" d=\"M15 7.25H16.5C19.125 7.25 21.25 9.375 21.25 12C21.25 14.625 19.125 16.75 16.5 16.75H15\" stroke=\"#99E1BD\" stroke-width=\"1.5\" stroke-miterlimit=\"10\"\/><path id=\"Vector_3\" d=\"M7 12H17\" stroke=\"#99E1BD\" stroke-width=\"1.5\" stroke-miterlimit=\"10\"\/><\/g><\/svg><\/button>Zelen\u00e9 logo<\/h3>\n\n\n\n<div class=\"wp-block-buttons is-layout-flex wp-block-buttons-is-layout-flex\">\n<div class=\"wp-block-button\"><a class=\"wp-block-button__link wp-element-button\">St\u00e1hnout dokument<svg width=\"24\" height=\"24\" viewBox=\"0 0 24 24\" fill=\"none\" xmlns=\"http:\/\/www.w3.org\/2000\/svg\">\n<g id=\"STAHNOUT_IKONA\">\n<path id=\"Vector\" d=\"M20.25 15.5V18.25C20.25 19.355 19.355 20.25 18.25 20.25H5.75C4.645 20.25 3.75 19.355 3.75 18.25V15.5\" stroke=\"white\" stroke-width=\"1.5\" stroke-miterlimit=\"10\"><\/path>\n<path id=\"Vector_2\" d=\"M16.9999 11.5L12.3549 16.145C12.1599 16.34 11.8449 16.34 11.6499 16.145L7.00488 11.5\" stroke=\"white\" stroke-width=\"1.5\" stroke-miterlimit=\"10\"><\/path>\n<path id=\"Vector_3\" d=\"M12 16.5V3\" stroke=\"white\" stroke-width=\"1.5\" stroke-miterlimit=\"10\"><\/path>\n<\/g>\n<\/svg><\/a><\/div>\n<\/div>\n<\/div>\n\n\n\n<div class=\"wp-block-group download is-vertical is-layout-flex wp-container-core-group-is-layout-8cf370e7 wp-block-group-is-layout-flex\">\n<p class=\"stitek\">Cel\u00fd bal\u00edk hlavn\u00edch dokument\u016f log<\/p>\n\n\n\n<div class=\"wp-block-file\"><a id=\"wp-block-file--media-26f21a5f-77f9-41f7-b859-71c52756f2d0\" href=\"https:\/\/brandbook.enbra.cz\/wp-content\/uploads\/2024\/03\/zelene-logo.svg\">zelene-logo<\/a><a href=\"https:\/\/brandbook.enbra.cz\/wp-content\/uploads\/2024\/03\/zelene-logo.svg\" class=\"wp-block-file__button wp-element-button\" aria-describedby=\"wp-block-file--media-26f21a5f-77f9-41f7-b859-71c52756f2d0\" download>St\u00e1hnout ZIP<svg width=\"24\" height=\"24\" viewBox=\"0 0 24 24\" fill=\"none\" xmlns=\"http:\/\/www.w3.org\/2000\/svg\">\n<g id=\"STAHNOUT_IKONA\">\n<path id=\"Vector\" d=\"M20.25 15.5V18.25C20.25 19.355 19.355 20.25 18.25 20.25H5.75C4.645 20.25 3.75 19.355 3.75 18.25V15.5\" stroke=\"white\" stroke-width=\"1.5\" stroke-miterlimit=\"10\"><\/path>\n<path id=\"Vector_2\" d=\"M16.9999 11.5L12.3549 16.145C12.1599 16.34 11.8449 16.34 11.6499 16.145L7.00488 11.5\" stroke=\"white\" stroke-width=\"1.5\" stroke-miterlimit=\"10\"><\/path>\n<path id=\"Vector_3\" d=\"M12 16.5V3\" stroke=\"white\" stroke-width=\"1.5\" stroke-miterlimit=\"10\"><\/path>\n<\/g>\n<\/svg><\/a><\/div>\n<\/div>\n<\/div>\n<\/div><\/section>\n\n\n\n<div class=\"wp-block-group strankovac is-vertical is-layout-flex wp-container-core-group-is-layout-8cf370e7 wp-block-group-is-layout-flex\">\n<div class=\"wp-block-buttons is-layout-flex wp-block-buttons-is-layout-flex\">\n<div class=\"wp-block-button\"><a class=\"wp-block-button__link wp-element-button\" href=\"\/psani-znacky\"><svg width=\"25\" height=\"24\" viewBox=\"0 0 25 24\" fill=\"none\" xmlns=\"http:\/\/www.w3.org\/2000\/svg\">\n<g id=\"SIPKA_LEVA_IKONA\">\n<path id=\"Vector\" d=\"M12.5 21.25C17.6086 21.25 21.75 17.1086 21.75 12C21.75 6.89137 17.6086 2.75 12.5 2.75C7.39137 2.75 3.25 6.89137 3.25 12C3.25 17.1086 7.39137 21.25 12.5 21.25Z\" stroke=\"#00B45A\" stroke-width=\"1.5\" stroke-miterlimit=\"10\"><\/path>\n<path id=\"Vector_2\" d=\"M17 12H9.5\" stroke=\"#00B45A\" stroke-width=\"1.5\" stroke-miterlimit=\"10\"><\/path>\n<path id=\"Vector_3\" d=\"M12 15.4999L8.85499 12.3549C8.65999 12.1599 8.65999 11.8449 8.85499 11.6499L12 8.50488\" stroke=\"#00B45A\" stroke-width=\"1.5\" stroke-miterlimit=\"10\"><\/path>\n<\/g>\n<\/svg>Zp\u011bt na: Psan\u00ed zna\u010dky<\/a><\/div>\n\n\n\n<div class=\"wp-block-button\"><a class=\"wp-block-button__link wp-element-button\" href=\"\/logo\"><svg width=\"24\" height=\"24\" viewBox=\"0 0 24 24\" fill=\"none\" xmlns=\"http:\/\/www.w3.org\/2000\/svg\">\n<g id=\"SIPKA_PRAVA_IKONA\">\n<path id=\"Vector\" d=\"M12 21.25C17.1086 21.25 21.25 17.1086 21.25 12C21.25 6.89137 17.1086 2.75 12 2.75C6.89137 2.75 2.75 6.89137 2.75 12C2.75 17.1086 6.89137 21.25 12 21.25Z\" stroke=\"#00B45A\" stroke-width=\"1.5\" stroke-miterlimit=\"10\"><\/path>\n<path id=\"Vector_2\" d=\"M7.5 12H15\" stroke=\"#00B45A\" stroke-width=\"1.5\" stroke-miterlimit=\"10\"><\/path>\n<path id=\"Vector_3\" d=\"M12.5 8.5L15.645 11.645C15.84 11.84 15.84 12.155 15.645 12.35L12.5 15.495\" stroke=\"#00B45A\" stroke-width=\"1.5\" stroke-miterlimit=\"10\"><\/path>\n<\/g>\n<\/svg>Zjistit v\u00edce o: Logo<\/a><\/div>\n<\/div>\n<\/div>\n","protected":false},"excerpt":{"rendered":"<p>Dokumenty Vizu\u00e1ln\u00ed identita vyu\u017e\u00edv\u00e1 dv\u011b barevn\u00e9 palety. Z\u00e1kladn\u00ed paletu tvo\u0159\u00ed hn\u011bd\u00e9, zemit\u00e9 a&nbsp;ple\u0165ov\u00e9 t\u00f3ny dopln\u011bn\u00e9 o&nbsp;zlatou. Druhou paletou je paleta pro kolekci Stuchl\u00edk Original a&nbsp;tvo\u0159\u00ed ji modro zlat\u00e1. Rychl\u00e1 navigace Hlavn\u00ed dokumenty ke sta\u017een\u00ed Dominantn\u00ed barvou vizu\u00e1ln\u00edho stylu je&nbsp;tmav\u00e1 hn\u011bd\u00e1. V&nbsp;kombinaci se zlat\u00fdmi materi\u00e1ly symbolizuje luxus, kter\u00fd se odr\u00e1\u017e\u00ed i&nbsp;ve \u0161perc\u00edch Stuchl\u00edk. Z\u00e1kladn\u00ed barevn\u00e1 paleta [&hellip;]<\/p>\n","protected":false},"author":1,"featured_media":0,"parent":0,"menu_order":0,"comment_status":"closed","ping_status":"closed","template":"","meta":{"inline_featured_image":false,"footnotes":""},"class_list":["post-996","page","type-page","status-publish","hentry"],"_links":{"self":[{"href":"https:\/\/brandbook.enbra.cz\/index.php?rest_route=\/wp\/v2\/pages\/996","targetHints":{"allow":["GET"]}}],"collection":[{"href":"https:\/\/brandbook.enbra.cz\/index.php?rest_route=\/wp\/v2\/pages"}],"about":[{"href":"https:\/\/brandbook.enbra.cz\/index.php?rest_route=\/wp\/v2\/types\/page"}],"author":[{"embeddable":true,"href":"https:\/\/brandbook.enbra.cz\/index.php?rest_route=\/wp\/v2\/users\/1"}],"replies":[{"embeddable":true,"href":"https:\/\/brandbook.enbra.cz\/index.php?rest_route=%2Fwp%2Fv2%2Fcomments&post=996"}],"version-history":[{"count":18,"href":"https:\/\/brandbook.enbra.cz\/index.php?rest_route=\/wp\/v2\/pages\/996\/revisions"}],"predecessor-version":[{"id":1129,"href":"https:\/\/brandbook.enbra.cz\/index.php?rest_route=\/wp\/v2\/pages\/996\/revisions\/1129"}],"wp:attachment":[{"href":"https:\/\/brandbook.enbra.cz\/index.php?rest_route=%2Fwp%2Fv2%2Fmedia&parent=996"}],"curies":[{"name":"wp","href":"https:\/\/api.w.org\/{rel}","templated":true}]}}