{"id":8,"date":"2024-03-13T10:12:45","date_gmt":"2024-03-13T09:12:45","guid":{"rendered":"https:\/\/brandbook.enbra.cz\/?page_id=8"},"modified":"2026-03-19T15:29:43","modified_gmt":"2026-03-19T14:29:43","slug":"uvod","status":"publish","type":"page","link":"https:\/\/brandbook.enbra.cz\/","title":{"rendered":"\u00davod"},"content":{"rendered":"\n<div class=\"wp-block-group uvodni-text\"><div class=\"wp-block-group__inner-container is-layout-constrained wp-block-group-is-layout-constrained\">\n<div class=\"wp-block-columns is-layout-flex wp-container-core-columns-is-layout-9d6595d7 wp-block-columns-is-layout-flex\">\n<div class=\"wp-block-column text is-layout-flow wp-block-column-is-layout-flow\">\n<h1 class=\"wp-block-heading\">ENBRA<\/h1>\n\n\n\n<p class=\"podnadpis\">Brandbook<\/p>\n\n\n\n<p>Brandbook p\u0159edstavuje v ucelen\u00e9 form\u011b <strong>identitu zna\u010dky ENBRA<\/strong>. Popisuje, jak vypad\u00e1 firemn\u00ed logo, barvy \u010di typografie. Brandbook v\u00e1s sezn\u00e1m\u00ed s pravidly, kter\u00fdmi je pot\u0159eba se p\u0159i pr\u00e1ci s&nbsp;identitou \u0159\u00eddit.<\/p>\n<\/div>\n\n\n\n<div class=\"wp-block-column tlacitko is-layout-flow wp-block-column-is-layout-flow\">\n<div class=\"wp-block-buttons is-layout-flex wp-block-buttons-is-layout-flex\">\n<div class=\"wp-block-button\"><a class=\"wp-block-button__link wp-element-button\" href=\"https:\/\/www.enbra.cz\/\" target=\"_blank\" rel=\"noreferrer noopener\"><svg width=\"24\" height=\"24\" viewBox=\"0 0 24 24\" fill=\"none\" xmlns=\"http:\/\/www.w3.org\/2000\/svg\"><g id=\"SIPKA_PRAVA_IKONA\"><path id=\"Vector\" d=\"M12 21.25C17.1086 21.25 21.25 17.1086 21.25 12C21.25 6.89137 17.1086 2.75 12 2.75C6.89137 2.75 2.75 6.89137 2.75 12C2.75 17.1086 6.89137 21.25 12 21.25Z\" stroke=\"#00B45A\" stroke-width=\"1.5\" stroke-miterlimit=\"10\"><\/path> <path id=\"Vector_2\" d=\"M7.5 12H15\" stroke=\"#00B45A\" stroke-width=\"1.5\" stroke-miterlimit=\"10\"><\/path> <path id=\"Vector_3\" d=\"M12.5 8.5L15.645 11.645C15.84 11.84 15.84 12.155 15.645 12.35L12.5 15.495\" stroke=\"#00B45A\" stroke-width=\"1.5\" stroke-miterlimit=\"10\"><\/path> <\/g> <\/svg>Web enbra.cz<\/a><\/div>\n\n\n\n<div class=\"wp-block-button\"><a class=\"wp-block-button__link wp-element-button\" href=\"https:\/\/www.enbra.sk\/\" target=\"_blank\" rel=\"noreferrer noopener\"><svg width=\"24\" height=\"24\" viewBox=\"0 0 24 24\" fill=\"none\" xmlns=\"http:\/\/www.w3.org\/2000\/svg\"><g id=\"SIPKA_PRAVA_IKONA\"><path id=\"Vector\" d=\"M12 21.25C17.1086 21.25 21.25 17.1086 21.25 12C21.25 6.89137 17.1086 2.75 12 2.75C6.89137 2.75 2.75 6.89137 2.75 12C2.75 17.1086 6.89137 21.25 12 21.25Z\" stroke=\"#00B45A\" stroke-width=\"1.5\" stroke-miterlimit=\"10\"><\/path> <path id=\"Vector_2\" d=\"M7.5 12H15\" stroke=\"#00B45A\" stroke-width=\"1.5\" stroke-miterlimit=\"10\"><\/path> <path id=\"Vector_3\" d=\"M12.5 8.5L15.645 11.645C15.84 11.84 15.84 12.155 15.645 12.35L12.5 15.495\" stroke=\"#00B45A\" stroke-width=\"1.5\" stroke-miterlimit=\"10\"><\/path> <\/g> <\/svg>Web enbra.sk<\/a><\/div>\n\n\n\n<div class=\"wp-block-button\"><a class=\"wp-block-button__link wp-element-button\" href=\"https:\/\/www.enbra.pl\/\" target=\"_blank\" rel=\"noreferrer noopener\"><svg width=\"24\" height=\"24\" viewBox=\"0 0 24 24\" fill=\"none\" xmlns=\"http:\/\/www.w3.org\/2000\/svg\"><g id=\"SIPKA_PRAVA_IKONA\"><path id=\"Vector\" d=\"M12 21.25C17.1086 21.25 21.25 17.1086 21.25 12C21.25 6.89137 17.1086 2.75 12 2.75C6.89137 2.75 2.75 6.89137 2.75 12C2.75 17.1086 6.89137 21.25 12 21.25Z\" stroke=\"#00B45A\" stroke-width=\"1.5\" stroke-miterlimit=\"10\"><\/path> <path id=\"Vector_2\" d=\"M7.5 12H15\" stroke=\"#00B45A\" stroke-width=\"1.5\" stroke-miterlimit=\"10\"><\/path> <path id=\"Vector_3\" d=\"M12.5 8.5L15.645 11.645C15.84 11.84 15.84 12.155 15.645 12.35L12.5 15.495\" stroke=\"#00B45A\" stroke-width=\"1.5\" stroke-miterlimit=\"10\"><\/path> <\/g> <\/svg>Web enbra.pl<\/a><\/div>\n<\/div>\n<\/div>\n<\/div>\n<\/div><\/div>\n\n\n\n<div class=\"wp-block-group rozcestnik\"><div class=\"wp-block-group__inner-container is-layout-constrained wp-block-group-is-layout-constrained\">\n<h2 class=\"wp-block-heading\"><button onclick=\"copyAnchor(this)\" data-tooltip=\"Kop\u00edrovat\" data-anchor=\"https:\/\/brandbook.enbra.cz\/#hlavni-kategorie\" aria-hidden=\"true\" class=\"tct-anchor tooltip\" id=\"hlavni-kategorie\"><svg width=\"24\" height=\"24\" viewBox=\"0 0 24 24\" fill=\"none\" xmlns=\"http:\/\/www.w3.org\/2000\/svg\"><g id=\"LINK_IKONA\"><path id=\"Vector\" d=\"M9 7.25H7.5C4.875 7.25 2.75 9.375 2.75 12C2.75 14.625 4.875 16.75 7.5 16.75H9\" stroke=\"#99E1BD\" stroke-width=\"1.5\" stroke-miterlimit=\"10\"\/><path id=\"Vector_2\" d=\"M15 7.25H16.5C19.125 7.25 21.25 9.375 21.25 12C21.25 14.625 19.125 16.75 16.5 16.75H15\" stroke=\"#99E1BD\" stroke-width=\"1.5\" stroke-miterlimit=\"10\"\/><path id=\"Vector_3\" d=\"M7 12H17\" stroke=\"#99E1BD\" stroke-width=\"1.5\" stroke-miterlimit=\"10\"\/><\/g><\/svg><\/button>Hlavn\u00ed kategorie<\/h2>\n\n\n\n<div class=\"wp-block-group dlazdice\"><div class=\"wp-block-group__inner-container is-layout-constrained wp-block-group-is-layout-constrained\">\n<figure class=\"wp-block-image size-full\"><img loading=\"lazy\" decoding=\"async\" width=\"676\" height=\"322\" src=\"https:\/\/brandbook.enbra.cz\/wp-content\/uploads\/2026\/02\/ENBRA_LOGO_UVODNI_KARTA.png\" alt=\"\" class=\"wp-image-908\" srcset=\"https:\/\/brandbook.enbra.cz\/wp-content\/uploads\/2026\/02\/ENBRA_LOGO_UVODNI_KARTA.png 676w, https:\/\/brandbook.enbra.cz\/wp-content\/uploads\/2026\/02\/ENBRA_LOGO_UVODNI_KARTA-300x143.png 300w, https:\/\/brandbook.enbra.cz\/wp-content\/uploads\/2026\/02\/ENBRA_LOGO_UVODNI_KARTA-340x162.png 340w\" sizes=\"auto, (max-width: 676px) 100vw, 676px\" \/><\/figure>\n\n\n\n<h3 class=\"wp-block-heading\"><button onclick=\"copyAnchor(this)\" data-tooltip=\"Kop\u00edrovat\" data-anchor=\"https:\/\/brandbook.enbra.cz\/#logo\" aria-hidden=\"true\" class=\"tct-anchor tooltip\" id=\"logo\"><svg width=\"24\" height=\"24\" viewBox=\"0 0 24 24\" fill=\"none\" xmlns=\"http:\/\/www.w3.org\/2000\/svg\"><g id=\"LINK_IKONA\"><path id=\"Vector\" d=\"M9 7.25H7.5C4.875 7.25 2.75 9.375 2.75 12C2.75 14.625 4.875 16.75 7.5 16.75H9\" stroke=\"#99E1BD\" stroke-width=\"1.5\" stroke-miterlimit=\"10\"\/><path id=\"Vector_2\" d=\"M15 7.25H16.5C19.125 7.25 21.25 9.375 21.25 12C21.25 14.625 19.125 16.75 16.5 16.75H15\" stroke=\"#99E1BD\" stroke-width=\"1.5\" stroke-miterlimit=\"10\"\/><path id=\"Vector_3\" d=\"M7 12H17\" stroke=\"#99E1BD\" stroke-width=\"1.5\" stroke-miterlimit=\"10\"\/><\/g><\/svg><\/button>Logo<\/h3>\n\n\n\n<p>V\u0161echny varianty loga a zna\u010dky ENBRA vhodn\u00e1 pro jak\u00e9koliv pou\u017eit\u00ed na jednom m\u00edst\u011b.<\/p>\n\n\n\n<div class=\"wp-block-buttons is-layout-flex wp-block-buttons-is-layout-flex\">\n<div class=\"wp-block-button\"><a class=\"wp-block-button__link wp-element-button\" href=\"\/logo\"><svg width=\"24\" height=\"24\" viewBox=\"0 0 24 24\" fill=\"none\" xmlns=\"http:\/\/www.w3.org\/2000\/svg\"> <g id=\"SIPKA_PRAVA_IKONA\"> <path id=\"Vector\" d=\"M12 21.25C17.1086 21.25 21.25 17.1086 21.25 12C21.25 6.89137 17.1086 2.75 12 2.75C6.89137 2.75 2.75 6.89137 2.75 12C2.75 17.1086 6.89137 21.25 12 21.25Z\" stroke=\"#00B45A\" stroke-width=\"1.5\" stroke-miterlimit=\"10\"><\/path> <path id=\"Vector_2\" d=\"M7.5 12H15\" stroke=\"#00B45A\" stroke-width=\"1.5\" stroke-miterlimit=\"10\"><\/path> <path id=\"Vector_3\" d=\"M12.5 8.5L15.645 11.645C15.84 11.84 15.84 12.155 15.645 12.35L12.5 15.495\" stroke=\"#00B45A\" stroke-width=\"1.5\" stroke-miterlimit=\"10\"><\/path> <\/g> <\/svg>V\u0161e o logu<\/a><\/div>\n<\/div>\n<\/div><\/div>\n\n\n\n<div class=\"wp-block-group dlazdice\"><div class=\"wp-block-group__inner-container is-layout-constrained wp-block-group-is-layout-constrained\">\n<figure class=\"wp-block-image size-full\"><img loading=\"lazy\" decoding=\"async\" width=\"676\" height=\"322\" src=\"https:\/\/brandbook.enbra.cz\/wp-content\/uploads\/2026\/02\/ENBRA_BARVY_UVODNI_KARTA.png\" alt=\"\" class=\"wp-image-909\" srcset=\"https:\/\/brandbook.enbra.cz\/wp-content\/uploads\/2026\/02\/ENBRA_BARVY_UVODNI_KARTA.png 676w, https:\/\/brandbook.enbra.cz\/wp-content\/uploads\/2026\/02\/ENBRA_BARVY_UVODNI_KARTA-300x143.png 300w, https:\/\/brandbook.enbra.cz\/wp-content\/uploads\/2026\/02\/ENBRA_BARVY_UVODNI_KARTA-340x162.png 340w\" sizes=\"auto, (max-width: 676px) 100vw, 676px\" \/><\/figure>\n\n\n\n<h3 class=\"wp-block-heading\"><button onclick=\"copyAnchor(this)\" data-tooltip=\"Kop\u00edrovat\" data-anchor=\"https:\/\/brandbook.enbra.cz\/#barvy\" aria-hidden=\"true\" class=\"tct-anchor tooltip\" id=\"barvy\"><svg width=\"24\" height=\"24\" viewBox=\"0 0 24 24\" fill=\"none\" xmlns=\"http:\/\/www.w3.org\/2000\/svg\"><g id=\"LINK_IKONA\"><path id=\"Vector\" d=\"M9 7.25H7.5C4.875 7.25 2.75 9.375 2.75 12C2.75 14.625 4.875 16.75 7.5 16.75H9\" stroke=\"#99E1BD\" stroke-width=\"1.5\" stroke-miterlimit=\"10\"\/><path id=\"Vector_2\" d=\"M15 7.25H16.5C19.125 7.25 21.25 9.375 21.25 12C21.25 14.625 19.125 16.75 16.5 16.75H15\" stroke=\"#99E1BD\" stroke-width=\"1.5\" stroke-miterlimit=\"10\"\/><path id=\"Vector_3\" d=\"M7 12H17\" stroke=\"#99E1BD\" stroke-width=\"1.5\" stroke-miterlimit=\"10\"\/><\/g><\/svg><\/button>Barvy<\/h3>\n\n\n\n<p>V\u0161echny barvy, s nimi\u017e zna\u010dka pracuje, jejich k\u00f3dy a doporu\u010den\u00ed pro pr\u00e1ci s nimi.<\/p>\n\n\n\n<div class=\"wp-block-buttons is-layout-flex wp-block-buttons-is-layout-flex\">\n<div class=\"wp-block-button\"><a class=\"wp-block-button__link wp-element-button\" href=\"\/barvy\"><svg width=\"24\" height=\"24\" viewBox=\"0 0 24 24\" fill=\"none\" xmlns=\"http:\/\/www.w3.org\/2000\/svg\"> <g id=\"SIPKA_PRAVA_IKONA\"> <path id=\"Vector\" d=\"M12 21.25C17.1086 21.25 21.25 17.1086 21.25 12C21.25 6.89137 17.1086 2.75 12 2.75C6.89137 2.75 2.75 6.89137 2.75 12C2.75 17.1086 6.89137 21.25 12 21.25Z\" stroke=\"#00B45A\" stroke-width=\"1.5\" stroke-miterlimit=\"10\"><\/path> <path id=\"Vector_2\" d=\"M7.5 12H15\" stroke=\"#00B45A\" stroke-width=\"1.5\" stroke-miterlimit=\"10\"><\/path> <path id=\"Vector_3\" d=\"M12.5 8.5L15.645 11.645C15.84 11.84 15.84 12.155 15.645 12.35L12.5 15.495\" stroke=\"#00B45A\" stroke-width=\"1.5\" stroke-miterlimit=\"10\"><\/path> <\/g> <\/svg>Barvy a pou\u017eit\u00ed<\/a><\/div>\n<\/div>\n<\/div><\/div>\n\n\n\n<div class=\"wp-block-group dlazdice\"><div class=\"wp-block-group__inner-container is-layout-constrained wp-block-group-is-layout-constrained\">\n<figure class=\"wp-block-image size-full\"><img loading=\"lazy\" decoding=\"async\" width=\"676\" height=\"322\" src=\"https:\/\/brandbook.enbra.cz\/wp-content\/uploads\/2026\/02\/ENBRA_TYPO_UVODNI_KARTA.png\" alt=\"\" class=\"wp-image-911\" srcset=\"https:\/\/brandbook.enbra.cz\/wp-content\/uploads\/2026\/02\/ENBRA_TYPO_UVODNI_KARTA.png 676w, https:\/\/brandbook.enbra.cz\/wp-content\/uploads\/2026\/02\/ENBRA_TYPO_UVODNI_KARTA-300x143.png 300w, https:\/\/brandbook.enbra.cz\/wp-content\/uploads\/2026\/02\/ENBRA_TYPO_UVODNI_KARTA-340x162.png 340w\" sizes=\"auto, (max-width: 676px) 100vw, 676px\" \/><\/figure>\n\n\n\n<h3 class=\"wp-block-heading\"><button onclick=\"copyAnchor(this)\" data-tooltip=\"Kop\u00edrovat\" data-anchor=\"https:\/\/brandbook.enbra.cz\/#typografie\" aria-hidden=\"true\" class=\"tct-anchor tooltip\" id=\"typografie\"><svg width=\"24\" height=\"24\" viewBox=\"0 0 24 24\" fill=\"none\" xmlns=\"http:\/\/www.w3.org\/2000\/svg\"><g id=\"LINK_IKONA\"><path id=\"Vector\" d=\"M9 7.25H7.5C4.875 7.25 2.75 9.375 2.75 12C2.75 14.625 4.875 16.75 7.5 16.75H9\" stroke=\"#99E1BD\" stroke-width=\"1.5\" stroke-miterlimit=\"10\"\/><path id=\"Vector_2\" d=\"M15 7.25H16.5C19.125 7.25 21.25 9.375 21.25 12C21.25 14.625 19.125 16.75 16.5 16.75H15\" stroke=\"#99E1BD\" stroke-width=\"1.5\" stroke-miterlimit=\"10\"\/><path id=\"Vector_3\" d=\"M7 12H17\" stroke=\"#99E1BD\" stroke-width=\"1.5\" stroke-miterlimit=\"10\"\/><\/g><\/svg><\/button>Typografie<\/h3>\n\n\n\n<p>\u0158ezy p\u00edsem, kter\u00e9 jsou pro zna\u010dku charakteristick\u00e9, jejich n\u00e1zvy a zp\u016fsob, jak s nimi pracovat.<\/p>\n\n\n\n<div class=\"wp-block-buttons is-layout-flex wp-block-buttons-is-layout-flex\">\n<div class=\"wp-block-button\"><a class=\"wp-block-button__link wp-element-button\" href=\"\/typografie\"><svg width=\"24\" height=\"24\" viewBox=\"0 0 24 24\" fill=\"none\" xmlns=\"http:\/\/www.w3.org\/2000\/svg\"> <g id=\"SIPKA_PRAVA_IKONA\"> <path id=\"Vector\" d=\"M12 21.25C17.1086 21.25 21.25 17.1086 21.25 12C21.25 6.89137 17.1086 2.75 12 2.75C6.89137 2.75 2.75 6.89137 2.75 12C2.75 17.1086 6.89137 21.25 12 21.25Z\" stroke=\"#00B45A\" stroke-width=\"1.5\" stroke-miterlimit=\"10\"><\/path> <path id=\"Vector_2\" d=\"M7.5 12H15\" stroke=\"#00B45A\" stroke-width=\"1.5\" stroke-miterlimit=\"10\"><\/path> <path id=\"Vector_3\" d=\"M12.5 8.5L15.645 11.645C15.84 11.84 15.84 12.155 15.645 12.35L12.5 15.495\" stroke=\"#00B45A\" stroke-width=\"1.5\" stroke-miterlimit=\"10\"><\/path> <\/g> <\/svg>Pr\u00e1ce s typografi\u00ed<\/a><\/div>\n<\/div>\n<\/div><\/div>\n\n\n\n<div class=\"wp-block-group dlazdice\"><div class=\"wp-block-group__inner-container is-layout-constrained wp-block-group-is-layout-constrained\">\n<figure class=\"wp-block-image size-full\"><img loading=\"lazy\" decoding=\"async\" width=\"676\" height=\"322\" src=\"https:\/\/brandbook.enbra.cz\/wp-content\/uploads\/2026\/03\/ENBRA_FOTOGRAFIE_UVODNI_KARTA.jpg\" alt=\"\" class=\"wp-image-1115\" srcset=\"https:\/\/brandbook.enbra.cz\/wp-content\/uploads\/2026\/03\/ENBRA_FOTOGRAFIE_UVODNI_KARTA.jpg 676w, https:\/\/brandbook.enbra.cz\/wp-content\/uploads\/2026\/03\/ENBRA_FOTOGRAFIE_UVODNI_KARTA-300x143.jpg 300w, https:\/\/brandbook.enbra.cz\/wp-content\/uploads\/2026\/03\/ENBRA_FOTOGRAFIE_UVODNI_KARTA-340x162.jpg 340w\" sizes=\"auto, (max-width: 676px) 100vw, 676px\" \/><\/figure>\n\n\n\n<h3 class=\"wp-block-heading\"><button onclick=\"copyAnchor(this)\" data-tooltip=\"Kop\u00edrovat\" data-anchor=\"https:\/\/brandbook.enbra.cz\/#fotografie\" aria-hidden=\"true\" class=\"tct-anchor tooltip\" id=\"fotografie\"><svg width=\"24\" height=\"24\" viewBox=\"0 0 24 24\" fill=\"none\" xmlns=\"http:\/\/www.w3.org\/2000\/svg\"><g id=\"LINK_IKONA\"><path id=\"Vector\" d=\"M9 7.25H7.5C4.875 7.25 2.75 9.375 2.75 12C2.75 14.625 4.875 16.75 7.5 16.75H9\" stroke=\"#99E1BD\" stroke-width=\"1.5\" stroke-miterlimit=\"10\"\/><path id=\"Vector_2\" d=\"M15 7.25H16.5C19.125 7.25 21.25 9.375 21.25 12C21.25 14.625 19.125 16.75 16.5 16.75H15\" stroke=\"#99E1BD\" stroke-width=\"1.5\" stroke-miterlimit=\"10\"\/><path id=\"Vector_3\" d=\"M7 12H17\" stroke=\"#99E1BD\" stroke-width=\"1.5\" stroke-miterlimit=\"10\"\/><\/g><\/svg><\/button>Fotografie<\/h3>\n\n\n\n<p>Fotografie z prost\u0159ed\u00ed firmy a fotografie zam\u011bstnanc\u016f.<\/p>\n\n\n\n<div class=\"wp-block-buttons is-layout-flex wp-block-buttons-is-layout-flex\">\n<div class=\"wp-block-button\"><a class=\"wp-block-button__link wp-element-button\" href=\"https:\/\/brandbook.enbra.cz\/fotografie\/\"><svg width=\"24\" height=\"24\" viewBox=\"0 0 24 24\" fill=\"none\" xmlns=\"http:\/\/www.w3.org\/2000\/svg\"> <g id=\"SIPKA_PRAVA_IKONA\"> <path id=\"Vector\" d=\"M12 21.25C17.1086 21.25 21.25 17.1086 21.25 12C21.25 6.89137 17.1086 2.75 12 2.75C6.89137 2.75 2.75 6.89137 2.75 12C2.75 17.1086 6.89137 21.25 12 21.25Z\" stroke=\"#00B45A\" stroke-width=\"1.5\" stroke-miterlimit=\"10\"><\/path> <path id=\"Vector_2\" d=\"M7.5 12H15\" stroke=\"#00B45A\" stroke-width=\"1.5\" stroke-miterlimit=\"10\"><\/path> <path id=\"Vector_3\" d=\"M12.5 8.5L15.645 11.645C15.84 11.84 15.84 12.155 15.645 12.35L12.5 15.495\" stroke=\"#00B45A\" stroke-width=\"1.5\" stroke-miterlimit=\"10\"><\/path> <\/g> <\/svg>Fotografie<\/a><\/div>\n<\/div>\n<\/div><\/div>\n<\/div><\/div>\n","protected":false},"excerpt":{"rendered":"<p>ENBRA Brandbook Brandbook p\u0159edstavuje v ucelen\u00e9 form\u011b identitu zna\u010dky ENBRA. Popisuje, jak vypad\u00e1 firemn\u00ed logo, barvy \u010di typografie. Brandbook v\u00e1s sezn\u00e1m\u00ed s pravidly, kter\u00fdmi je pot\u0159eba se p\u0159i pr\u00e1ci s&nbsp;identitou \u0159\u00eddit. Hlavn\u00ed kategorie Logo V\u0161echny varianty loga a zna\u010dky ENBRA vhodn\u00e1 pro jak\u00e9koliv pou\u017eit\u00ed na jednom m\u00edst\u011b. Barvy V\u0161echny barvy, s nimi\u017e zna\u010dka pracuje, jejich [&hellip;]<\/p>\n","protected":false},"author":1,"featured_media":0,"parent":0,"menu_order":0,"comment_status":"closed","ping_status":"closed","template":"","meta":{"inline_featured_image":false,"footnotes":""},"class_list":["post-8","page","type-page","status-publish","hentry"],"_links":{"self":[{"href":"https:\/\/brandbook.enbra.cz\/index.php?rest_route=\/wp\/v2\/pages\/8","targetHints":{"allow":["GET"]}}],"collection":[{"href":"https:\/\/brandbook.enbra.cz\/index.php?rest_route=\/wp\/v2\/pages"}],"about":[{"href":"https:\/\/brandbook.enbra.cz\/index.php?rest_route=\/wp\/v2\/types\/page"}],"author":[{"embeddable":true,"href":"https:\/\/brandbook.enbra.cz\/index.php?rest_route=\/wp\/v2\/users\/1"}],"replies":[{"embeddable":true,"href":"https:\/\/brandbook.enbra.cz\/index.php?rest_route=%2Fwp%2Fv2%2Fcomments&post=8"}],"version-history":[{"count":52,"href":"https:\/\/brandbook.enbra.cz\/index.php?rest_route=\/wp\/v2\/pages\/8\/revisions"}],"predecessor-version":[{"id":1118,"href":"https:\/\/brandbook.enbra.cz\/index.php?rest_route=\/wp\/v2\/pages\/8\/revisions\/1118"}],"wp:attachment":[{"href":"https:\/\/brandbook.enbra.cz\/index.php?rest_route=%2Fwp%2Fv2%2Fmedia&parent=8"}],"curies":[{"name":"wp","href":"https:\/\/api.w.org\/{rel}","templated":true}]}}