{"id":14,"date":"2024-03-13T10:13:40","date_gmt":"2024-03-13T09:13:40","guid":{"rendered":"https:\/\/brandbook.enbra.cz\/?page_id=14"},"modified":"2026-03-19T15:21:17","modified_gmt":"2026-03-19T14:21:17","slug":"typografie","status":"publish","type":"page","link":"https:\/\/brandbook.enbra.cz\/?page_id=14","title":{"rendered":"Typografie"},"content":{"rendered":"\n<div class=\"wp-block-group uvodni-text\"><div class=\"wp-block-group__inner-container is-layout-constrained wp-block-group-is-layout-constrained\">\n<div class=\"wp-block-columns is-layout-flex wp-container-core-columns-is-layout-9d6595d7 wp-block-columns-is-layout-flex\">\n<div class=\"wp-block-column text is-layout-flow wp-block-column-is-layout-flow\">\n<h1 class=\"wp-block-heading\">Typografie ENBRA<\/h1>\n\n\n\n<p><strong>Definice hlavn\u00edho p\u00edsma Degular Display<\/strong> dopln\u011bn\u00e1 o vyu\u017eit\u00ed univerz\u00e1ln\u00edho p\u00edsma Aptos.<\/p>\n<\/div>\n\n\n\n<div class=\"wp-block-column tlacitko is-layout-flow wp-block-column-is-layout-flow\">\n<div class=\"wp-block-buttons is-layout-flex wp-block-buttons-is-layout-flex\">\n<div class=\"wp-block-button\"><a class=\"wp-block-button__link wp-element-button\" href=\"https:\/\/www.enbra.cz\/\" target=\"_blank\" rel=\"noreferrer noopener\"><svg width=\"24\" height=\"24\" viewBox=\"0 0 24 24\" fill=\"none\" xmlns=\"http:\/\/www.w3.org\/2000\/svg\"><g id=\"SIPKA_PRAVA_IKONA\"><path id=\"Vector\" d=\"M12 21.25C17.1086 21.25 21.25 17.1086 21.25 12C21.25 6.89137 17.1086 2.75 12 2.75C6.89137 2.75 2.75 6.89137 2.75 12C2.75 17.1086 6.89137 21.25 12 21.25Z\" stroke=\"#00B45A\" stroke-width=\"1.5\" stroke-miterlimit=\"10\"><\/path> <path id=\"Vector_2\" d=\"M7.5 12H15\" stroke=\"#00B45A\" stroke-width=\"1.5\" stroke-miterlimit=\"10\"><\/path> <path id=\"Vector_3\" d=\"M12.5 8.5L15.645 11.645C15.84 11.84 15.84 12.155 15.645 12.35L12.5 15.495\" stroke=\"#00B45A\" stroke-width=\"1.5\" stroke-miterlimit=\"10\"><\/path> <\/g> <\/svg>Web enbra.cz<\/a><\/div>\n<\/div>\n<\/div>\n<\/div>\n<\/div><\/div>\n\n\n\n<div class=\"wp-block-group rychla-navigace is-vertical is-layout-flex wp-container-core-group-is-layout-8cf370e7 wp-block-group-is-layout-flex\">\n<h2 class=\"wp-block-heading\"><button onclick=\"copyAnchor(this)\" data-tooltip=\"Kop\u00edrovat\" data-anchor=\"https:\/\/brandbook.enbra.cz\/?page_id=14#rychla-navigace\" aria-hidden=\"true\" class=\"tct-anchor tooltip\" id=\"rychla-navigace\"><svg width=\"24\" height=\"24\" viewBox=\"0 0 24 24\" fill=\"none\" xmlns=\"http:\/\/www.w3.org\/2000\/svg\"><g id=\"LINK_IKONA\"><path id=\"Vector\" d=\"M9 7.25H7.5C4.875 7.25 2.75 9.375 2.75 12C2.75 14.625 4.875 16.75 7.5 16.75H9\" stroke=\"#99E1BD\" stroke-width=\"1.5\" stroke-miterlimit=\"10\"\/><path id=\"Vector_2\" d=\"M15 7.25H16.5C19.125 7.25 21.25 9.375 21.25 12C21.25 14.625 19.125 16.75 16.5 16.75H15\" stroke=\"#99E1BD\" stroke-width=\"1.5\" stroke-miterlimit=\"10\"\/><path id=\"Vector_3\" d=\"M7 12H17\" stroke=\"#99E1BD\" stroke-width=\"1.5\" stroke-miterlimit=\"10\"\/><\/g><\/svg><\/button>Rychl\u00e1 navigace<\/h2>\n\n\n\n<div class=\"wp-block-buttons is-layout-flex wp-block-buttons-is-layout-flex\">\n<div class=\"wp-block-button\"><a class=\"wp-block-button__link wp-element-button\" href=\"#hlavnipismo\">Hlavn\u00ed p\u00edsmo<\/a><\/div>\n\n\n\n<div class=\"wp-block-button\"><a class=\"wp-block-button__link wp-element-button\" href=\"#univerzalnipismo\">Univerz\u00e1ln\u00ed p\u00edsmo<\/a><\/div>\n\n\n\n<div class=\"wp-block-button\"><a class=\"wp-block-button__link wp-element-button\" href=\"#jakspravnepouzitpisma\">Jak spr\u00e1vn\u011b pou\u017e\u00edt p\u00edsma?<\/a><\/div>\n<\/div>\n<\/div>\n\n\n\n<div id=\"hlavnipismo\" class=\"wp-block-group text-pismo anchor-link hlavni is-vertical is-layout-flex wp-container-core-group-is-layout-8cf370e7 wp-block-group-is-layout-flex\">\n<div class=\"wp-block-group text is-vertical is-layout-flex wp-container-core-group-is-layout-8cf370e7 wp-block-group-is-layout-flex\">\n<h2 class=\"wp-block-heading\"><button onclick=\"copyAnchor(this)\" data-tooltip=\"Kop\u00edrovat\" data-anchor=\"https:\/\/brandbook.enbra.cz\/?page_id=14#hlavni-pismo\" aria-hidden=\"true\" class=\"tct-anchor tooltip\" id=\"hlavni-pismo\"><svg width=\"24\" height=\"24\" viewBox=\"0 0 24 24\" fill=\"none\" xmlns=\"http:\/\/www.w3.org\/2000\/svg\"><g id=\"LINK_IKONA\"><path id=\"Vector\" d=\"M9 7.25H7.5C4.875 7.25 2.75 9.375 2.75 12C2.75 14.625 4.875 16.75 7.5 16.75H9\" stroke=\"#99E1BD\" stroke-width=\"1.5\" stroke-miterlimit=\"10\"\/><path id=\"Vector_2\" d=\"M15 7.25H16.5C19.125 7.25 21.25 9.375 21.25 12C21.25 14.625 19.125 16.75 16.5 16.75H15\" stroke=\"#99E1BD\" stroke-width=\"1.5\" stroke-miterlimit=\"10\"\/><path id=\"Vector_3\" d=\"M7 12H17\" stroke=\"#99E1BD\" stroke-width=\"1.5\" stroke-miterlimit=\"10\"\/><\/g><\/svg><\/button>Hlavn\u00ed p\u00edsmo<\/h2>\n\n\n\n<p>Hlavn\u00edm p\u00edsmem zna\u010dky ENBRA je <strong>Degular Display<\/strong>.<\/p>\n\n\n\n<p>Toto bezpatkov\u00e9 p\u00edsmo podporuje technick\u00fd a modern\u00ed charakter zna\u010dky. D\u00edky sv\u00e9 \u010ditelnosti a v\u00fdrazn\u00e9 kresb\u011b je vhodn\u00e9 zejm\u00e9na pro nadpisy, kl\u00ed\u010dov\u00e1 sd\u011blen\u00ed a vizu\u00e1ln\u011b dominantn\u00ed prvky komunikace.<\/p>\n\n\n\n<p>Degular Display je licencovan\u00e9 p\u00edsmo dostupn\u00e9 v r\u00e1mci bal\u00ed\u010dku Adobe Creative Cloud.<\/p>\n<\/div>\n\n\n\n<div class=\"wp-block-group dlazdice-pismo is-vertical is-layout-flex wp-container-core-group-is-layout-8cf370e7 wp-block-group-is-layout-flex\">\n<div class=\"wp-block-group polozka is-vertical is-layout-flex wp-container-core-group-is-layout-8cf370e7 wp-block-group-is-layout-flex\">\n<h2 class=\"wp-block-heading\"><button onclick=\"copyAnchor(this)\" data-tooltip=\"Kop\u00edrovat\" data-anchor=\"https:\/\/brandbook.enbra.cz\/?page_id=14#degular-display\" aria-hidden=\"true\" class=\"tct-anchor tooltip\" id=\"degular-display\"><svg width=\"24\" height=\"24\" viewBox=\"0 0 24 24\" fill=\"none\" xmlns=\"http:\/\/www.w3.org\/2000\/svg\"><g id=\"LINK_IKONA\"><path id=\"Vector\" d=\"M9 7.25H7.5C4.875 7.25 2.75 9.375 2.75 12C2.75 14.625 4.875 16.75 7.5 16.75H9\" stroke=\"#99E1BD\" stroke-width=\"1.5\" stroke-miterlimit=\"10\"\/><path id=\"Vector_2\" d=\"M15 7.25H16.5C19.125 7.25 21.25 9.375 21.25 12C21.25 14.625 19.125 16.75 16.5 16.75H15\" stroke=\"#99E1BD\" stroke-width=\"1.5\" stroke-miterlimit=\"10\"\/><path id=\"Vector_3\" d=\"M7 12H17\" stroke=\"#99E1BD\" stroke-width=\"1.5\" stroke-miterlimit=\"10\"\/><\/g><\/svg><\/button>Degular Display<\/h2>\n\n\n\n<h3 class=\"wp-block-heading\"><button onclick=\"copyAnchor(this)\" data-tooltip=\"Kop\u00edrovat\" data-anchor=\"https:\/\/brandbook.enbra.cz\/?page_id=14#aa-bb-cc-dd-ee-ff-gg-hh-ii-jj-kk-ll-mm-nn-oo-pp-qq-rr-ss-tt-uu-vv-ww-xx-yy-zz-0123456789-aa-cc-dd-ee-ee-ii-nn-oo-rr-ss-tt-uu-uu-yy-zz-_\" aria-hidden=\"true\" class=\"tct-anchor tooltip\" id=\"aa-bb-cc-dd-ee-ff-gg-hh-ii-jj-kk-ll-mm-nn-oo-pp-qq-rr-ss-tt-uu-vv-ww-xx-yy-zz-0123456789-aa-cc-dd-ee-ee-ii-nn-oo-rr-ss-tt-uu-uu-yy-zz-_\"><svg width=\"24\" height=\"24\" viewBox=\"0 0 24 24\" fill=\"none\" xmlns=\"http:\/\/www.w3.org\/2000\/svg\"><g id=\"LINK_IKONA\"><path id=\"Vector\" d=\"M9 7.25H7.5C4.875 7.25 2.75 9.375 2.75 12C2.75 14.625 4.875 16.75 7.5 16.75H9\" stroke=\"#99E1BD\" stroke-width=\"1.5\" stroke-miterlimit=\"10\"\/><path id=\"Vector_2\" d=\"M15 7.25H16.5C19.125 7.25 21.25 9.375 21.25 12C21.25 14.625 19.125 16.75 16.5 16.75H15\" stroke=\"#99E1BD\" stroke-width=\"1.5\" stroke-miterlimit=\"10\"\/><path id=\"Vector_3\" d=\"M7 12H17\" stroke=\"#99E1BD\" stroke-width=\"1.5\" stroke-miterlimit=\"10\"\/><\/g><\/svg><\/button><strong>Aa Bb Cc Dd Ee Ff Gg Hh Ii Jj Kk Ll Mm Nn Oo Pp Qq Rr Ss Tt Uu Vv Ww Xx Yy Zz 0123456789 \u00c1\u00e1 \u010c\u010d \u010e\u010f \u00c9\u00e9 \u011a\u011b \u00cd\u00ed \u0147\u0148 \u00d3\u00f3 \u0158\u0159 \u0160\u0161 \u0164\u0165 \u00da\u00fa \u016e\u016f \u00dd\u00fd \u017d\u017e  !@#$%^&amp;*()_+-=[]{};:\u2019\u201d,.&lt;&gt;\/?|<\/strong><\/h3>\n\n\n\n<p>Z\u00edskat p\u00edsmo<\/p>\n\n\n\n<div class=\"wp-block-buttons is-layout-flex wp-block-buttons-is-layout-flex\">\n<div class=\"wp-block-button\"><a class=\"wp-block-button__link wp-element-button\" href=\"https:\/\/fonts.adobe.com\/fonts\/degular\" target=\"_blank\" rel=\"noreferrer noopener\">K dost\u00e1n\u00ed na Adobe Fonts<svg width=\"24\" height=\"24\" viewBox=\"0 0 24 24\" fill=\"none\" xmlns=\"http:\/\/www.w3.org\/2000\/svg\"> <g id=\"SIPKA_PRAVA_IKONA\"> <path id=\"Vector\" d=\"M12 21.25C17.1086 21.25 21.25 17.1086 21.25 12C21.25 6.89137 17.1086 2.75 12 2.75C6.89137 2.75 2.75 6.89137 2.75 12C2.75 17.1086 6.89137 21.25 12 21.25Z\" stroke=\"#00B45A\" stroke-width=\"1.5\" stroke-miterlimit=\"10\"><\/path> <path id=\"Vector_2\" d=\"M7.5 12H15\" stroke=\"#00B45A\" stroke-width=\"1.5\" stroke-miterlimit=\"10\"><\/path> <path id=\"Vector_3\" d=\"M12.5 8.5L15.645 11.645C15.84 11.84 15.84 12.155 15.645 12.35L12.5 15.495\" stroke=\"#00B45A\" stroke-width=\"1.5\" stroke-miterlimit=\"10\"><\/path> <\/g> <\/svg><\/a><\/div>\n<\/div>\n<\/div>\n<\/div>\n<\/div>\n\n\n\n<div id=\"univerzalnipismo\" class=\"wp-block-group text-pismo anchor-link univerzalni is-vertical is-layout-flex wp-container-core-group-is-layout-8cf370e7 wp-block-group-is-layout-flex\">\n<div class=\"wp-block-group text is-vertical is-layout-flex wp-container-core-group-is-layout-8cf370e7 wp-block-group-is-layout-flex\">\n<h2 class=\"wp-block-heading\"><button onclick=\"copyAnchor(this)\" data-tooltip=\"Kop\u00edrovat\" data-anchor=\"https:\/\/brandbook.enbra.cz\/?page_id=14#univerzalni-pismo\" aria-hidden=\"true\" class=\"tct-anchor tooltip\" id=\"univerzalni-pismo\"><svg width=\"24\" height=\"24\" viewBox=\"0 0 24 24\" fill=\"none\" xmlns=\"http:\/\/www.w3.org\/2000\/svg\"><g id=\"LINK_IKONA\"><path id=\"Vector\" d=\"M9 7.25H7.5C4.875 7.25 2.75 9.375 2.75 12C2.75 14.625 4.875 16.75 7.5 16.75H9\" stroke=\"#99E1BD\" stroke-width=\"1.5\" stroke-miterlimit=\"10\"\/><path id=\"Vector_2\" d=\"M15 7.25H16.5C19.125 7.25 21.25 9.375 21.25 12C21.25 14.625 19.125 16.75 16.5 16.75H15\" stroke=\"#99E1BD\" stroke-width=\"1.5\" stroke-miterlimit=\"10\"\/><path id=\"Vector_3\" d=\"M7 12H17\" stroke=\"#99E1BD\" stroke-width=\"1.5\" stroke-miterlimit=\"10\"\/><\/g><\/svg><\/button>Univerz\u00e1ln\u00ed p\u00edsmo<\/h2>\n\n\n\n<p>Pokud nen\u00ed k dispozici p\u00edsmo&nbsp;<strong>Degular Display<\/strong>, je mo\u017en\u00e9 vyu\u017e\u00edt univerz\u00e1ln\u00ed syst\u00e9mov\u00e9 p\u00edsmo.<\/p>\n\n\n\n<p>Toto p\u00edsmo je b\u011b\u017en\u011b dostupn\u00e9 na v\u0161ech po\u010d\u00edta\u010d\u00edch, co\u017e zaru\u010duje, \u017ee se texty zobraz\u00ed spr\u00e1vn\u011b nap\u0159\u00ed\u010d za\u0159\u00edzen\u00edmi a u v\u0161ech p\u0159\u00edjemc\u016f.<\/p>\n<\/div>\n\n\n\n<div class=\"wp-block-group dlazdice-pismo is-vertical is-layout-flex wp-container-core-group-is-layout-8cf370e7 wp-block-group-is-layout-flex\">\n<div class=\"wp-block-group polozka is-vertical is-layout-flex wp-container-core-group-is-layout-8cf370e7 wp-block-group-is-layout-flex\">\n<h2 class=\"wp-block-heading\"><button onclick=\"copyAnchor(this)\" data-tooltip=\"Kop\u00edrovat\" data-anchor=\"https:\/\/brandbook.enbra.cz\/?page_id=14#aptos\" aria-hidden=\"true\" class=\"tct-anchor tooltip\" id=\"aptos\"><svg width=\"24\" height=\"24\" viewBox=\"0 0 24 24\" fill=\"none\" xmlns=\"http:\/\/www.w3.org\/2000\/svg\"><g id=\"LINK_IKONA\"><path id=\"Vector\" d=\"M9 7.25H7.5C4.875 7.25 2.75 9.375 2.75 12C2.75 14.625 4.875 16.75 7.5 16.75H9\" stroke=\"#99E1BD\" stroke-width=\"1.5\" stroke-miterlimit=\"10\"\/><path id=\"Vector_2\" d=\"M15 7.25H16.5C19.125 7.25 21.25 9.375 21.25 12C21.25 14.625 19.125 16.75 16.5 16.75H15\" stroke=\"#99E1BD\" stroke-width=\"1.5\" stroke-miterlimit=\"10\"\/><path id=\"Vector_3\" d=\"M7 12H17\" stroke=\"#99E1BD\" stroke-width=\"1.5\" stroke-miterlimit=\"10\"\/><\/g><\/svg><\/button>Aptos<\/h2>\n\n\n\n<h3 class=\"wp-block-heading\"><button onclick=\"copyAnchor(this)\" data-tooltip=\"Kop\u00edrovat\" data-anchor=\"https:\/\/brandbook.enbra.cz\/?page_id=14#alternativni-univerzalni-pismo-pokud-neni-k-dispozici-hlavni-pismo-sora\" aria-hidden=\"true\" class=\"tct-anchor tooltip\" id=\"alternativni-univerzalni-pismo-pokud-neni-k-dispozici-hlavni-pismo-sora\"><svg width=\"24\" height=\"24\" viewBox=\"0 0 24 24\" fill=\"none\" xmlns=\"http:\/\/www.w3.org\/2000\/svg\"><g id=\"LINK_IKONA\"><path id=\"Vector\" d=\"M9 7.25H7.5C4.875 7.25 2.75 9.375 2.75 12C2.75 14.625 4.875 16.75 7.5 16.75H9\" stroke=\"#99E1BD\" stroke-width=\"1.5\" stroke-miterlimit=\"10\"\/><path id=\"Vector_2\" d=\"M15 7.25H16.5C19.125 7.25 21.25 9.375 21.25 12C21.25 14.625 19.125 16.75 16.5 16.75H15\" stroke=\"#99E1BD\" stroke-width=\"1.5\" stroke-miterlimit=\"10\"\/><path id=\"Vector_3\" d=\"M7 12H17\" stroke=\"#99E1BD\" stroke-width=\"1.5\" stroke-miterlimit=\"10\"\/><\/g><\/svg><\/button><strong><strong>Alternativn\u00ed univerz\u00e1ln\u00ed p\u00edsmo, pokud nen\u00ed k dispozici hlavn\u00ed p\u00edsmo Sora.<\/strong><\/strong><\/h3>\n\n\n\n<p>Jako sou\u010d\u00e1st\u00ed bal\u00edku Microsoft Office<\/p>\n<\/div>\n<\/div>\n<\/div>\n\n\n\n<div id=\"jakspravnepouzitpisma\" class=\"wp-block-group text-dve-dlazdice-barvy anchor-link is-vertical is-layout-flex wp-container-core-group-is-layout-8cf370e7 wp-block-group-is-layout-flex\">\n<div class=\"wp-block-group text is-vertical is-layout-flex wp-container-core-group-is-layout-8cf370e7 wp-block-group-is-layout-flex\">\n<h2 class=\"wp-block-heading\"><button onclick=\"copyAnchor(this)\" data-tooltip=\"Kop\u00edrovat\" data-anchor=\"https:\/\/brandbook.enbra.cz\/?page_id=14#jak-spravne-pouzivat-pisma\" aria-hidden=\"true\" class=\"tct-anchor tooltip\" id=\"jak-spravne-pouzivat-pisma\"><svg width=\"24\" height=\"24\" viewBox=\"0 0 24 24\" fill=\"none\" xmlns=\"http:\/\/www.w3.org\/2000\/svg\"><g id=\"LINK_IKONA\"><path id=\"Vector\" d=\"M9 7.25H7.5C4.875 7.25 2.75 9.375 2.75 12C2.75 14.625 4.875 16.75 7.5 16.75H9\" stroke=\"#99E1BD\" stroke-width=\"1.5\" stroke-miterlimit=\"10\"\/><path id=\"Vector_2\" d=\"M15 7.25H16.5C19.125 7.25 21.25 9.375 21.25 12C21.25 14.625 19.125 16.75 16.5 16.75H15\" stroke=\"#99E1BD\" stroke-width=\"1.5\" stroke-miterlimit=\"10\"\/><path id=\"Vector_3\" d=\"M7 12H17\" stroke=\"#99E1BD\" stroke-width=\"1.5\" stroke-miterlimit=\"10\"\/><\/g><\/svg><\/button>Jak spr\u00e1vn\u011b pou\u017e\u00edvat p\u00edsma?<\/h2>\n\n\n\n<p>Vyu\u017eit\u00ed p\u00edsma se \u0159\u00edd\u00ed licenc\u00ed a technick\u00fdmi limity. <strong>Pokud hlavn\u00ed p\u00edsmo nelze v&nbsp;konkr\u00e9tn\u00edm kan\u00e1lu implementovat, vyu\u017eijeme jeho schv\u00e1lenou alternativu.<\/strong><\/p>\n<\/div>\n\n\n\n<div class=\"wp-block-group dlazdice-barvy is-vertical is-layout-flex wp-container-core-group-is-layout-8cf370e7 wp-block-group-is-layout-flex\">\n<div class=\"wp-block-group polozka is-vertical is-layout-flex wp-container-core-group-is-layout-8cf370e7 wp-block-group-is-layout-flex\">\n<h2 class=\"wp-block-heading\"><button onclick=\"copyAnchor(this)\" data-tooltip=\"Kop\u00edrovat\" data-anchor=\"https:\/\/brandbook.enbra.cz\/?page_id=14#hlavni-pismo\" aria-hidden=\"true\" class=\"tct-anchor tooltip\" id=\"hlavni-pismo\"><svg width=\"24\" height=\"24\" viewBox=\"0 0 24 24\" fill=\"none\" xmlns=\"http:\/\/www.w3.org\/2000\/svg\"><g id=\"LINK_IKONA\"><path id=\"Vector\" d=\"M9 7.25H7.5C4.875 7.25 2.75 9.375 2.75 12C2.75 14.625 4.875 16.75 7.5 16.75H9\" stroke=\"#99E1BD\" stroke-width=\"1.5\" stroke-miterlimit=\"10\"\/><path id=\"Vector_2\" d=\"M15 7.25H16.5C19.125 7.25 21.25 9.375 21.25 12C21.25 14.625 19.125 16.75 16.5 16.75H15\" stroke=\"#99E1BD\" stroke-width=\"1.5\" stroke-miterlimit=\"10\"\/><path id=\"Vector_3\" d=\"M7 12H17\" stroke=\"#99E1BD\" stroke-width=\"1.5\" stroke-miterlimit=\"10\"\/><\/g><\/svg><\/button>Hlavn\u00ed p\u00edsmo<\/h2>\n\n\n\n<div class=\"wp-block-buttons is-layout-flex wp-block-buttons-is-layout-flex\">\n<div class=\"wp-block-button yes\"><a class=\"wp-block-button__link wp-element-button\">Webdesign<svg width=\"24\" height=\"24\" viewBox=\"0 0 24 24\" fill=\"none\" xmlns=\"http:\/\/www.w3.org\/2000\/svg\">\n<g id=\"SPRAVNE_IKONA\">\n<path id=\"Vector\" d=\"M12 21.25C17.1086 21.25 21.25 17.1086 21.25 12C21.25 6.89137 17.1086 2.75 12 2.75C6.89137 2.75 2.75 6.89137 2.75 12C2.75 17.1086 6.89137 21.25 12 21.25Z\" stroke=\"white\" stroke-width=\"1.5\" stroke-miterlimit=\"10\"><\/path>\n<path id=\"Vector_2\" d=\"M16.7499 8.745L10.8549 14.64C10.6599 14.835 10.3449 14.835 10.1499 14.64L7.75488 12.245\" stroke=\"white\" stroke-width=\"1.5\" stroke-miterlimit=\"10\"><\/path>\n<\/g>\n<\/svg><\/a><\/div>\n\n\n\n<div class=\"wp-block-button yes\"><a class=\"wp-block-button__link wp-element-button\">Marketingov\u00e9 tiskoviny<svg width=\"24\" height=\"24\" viewBox=\"0 0 24 24\" fill=\"none\" xmlns=\"http:\/\/www.w3.org\/2000\/svg\">\n<g id=\"SPRAVNE_IKONA\">\n<path id=\"Vector\" d=\"M12 21.25C17.1086 21.25 21.25 17.1086 21.25 12C21.25 6.89137 17.1086 2.75 12 2.75C6.89137 2.75 2.75 6.89137 2.75 12C2.75 17.1086 6.89137 21.25 12 21.25Z\" stroke=\"white\" stroke-width=\"1.5\" stroke-miterlimit=\"10\"><\/path>\n<path id=\"Vector_2\" d=\"M16.7499 8.745L10.8549 14.64C10.6599 14.835 10.3449 14.835 10.1499 14.64L7.75488 12.245\" stroke=\"white\" stroke-width=\"1.5\" stroke-miterlimit=\"10\"><\/path>\n<\/g>\n<\/svg><\/a><\/div>\n\n\n\n<div class=\"wp-block-button no\"><a class=\"wp-block-button__link wp-element-button\">Sd\u00edlen\u00e9 dokumenty<svg width=\"24\" height=\"24\" viewBox=\"0 0 24 24\" fill=\"none\" xmlns=\"http:\/\/www.w3.org\/2000\/svg\">\n<g id=\"Z\u00c3\u0081KAZ_IKONA\">\n<path id=\"Vector\" d=\"M12 21.25C17.1086 21.25 21.25 17.1086 21.25 12C21.25 6.89137 17.1086 2.75 12 2.75C6.89137 2.75 2.75 6.89137 2.75 12C2.75 17.1086 6.89137 21.25 12 21.25Z\" stroke=\"white\" stroke-width=\"1.5\" stroke-miterlimit=\"10\"><\/path>\n<path id=\"Vector_2\" d=\"M15.75 8.25L8.25 15.75\" stroke=\"white\" stroke-width=\"1.5\" stroke-miterlimit=\"10\"><\/path>\n<path id=\"Vector_3\" d=\"M8.25 8.25L15.75 15.75\" stroke=\"white\" stroke-width=\"1.5\" stroke-miterlimit=\"10\"><\/path>\n<\/g>\n<\/svg><\/a><\/div>\n\n\n\n<div class=\"wp-block-button no\"><a class=\"wp-block-button__link wp-element-button\">E-maily<svg width=\"24\" height=\"24\" viewBox=\"0 0 24 24\" fill=\"none\" xmlns=\"http:\/\/www.w3.org\/2000\/svg\"><g id=\"Z\u00c3\u0081KAZ_IKONA\"><\/g><path id=\"Vector\" d=\"M12 21.25C17.1086 21.25 21.25 17.1086 21.25 12C21.25 6.89137 17.1086 2.75 12 2.75C6.89137 2.75 2.75 6.89137 2.75 12C2.75 17.1086 6.89137 21.25 12 21.25Z\" stroke=\"white\" stroke-width=\"1.5\" stroke-miterlimit=\"10\"><\/path><path id=\"Vector_2\" d=\"M15.75 8.25L8.25 15.75\" stroke=\"white\" stroke-width=\"1.5\" stroke-miterlimit=\"10\"><\/path><path id=\"Vector_3\" d=\"M8.25 8.25L15.75 15.75\" stroke=\"white\" stroke-width=\"1.5\" stroke-miterlimit=\"10\"><\/path><\/svg><\/a><\/div>\n<\/div>\n<\/div>\n\n\n\n<div class=\"wp-block-group polozka is-vertical is-layout-flex wp-container-core-group-is-layout-8cf370e7 wp-block-group-is-layout-flex\">\n<h2 class=\"wp-block-heading\"><button onclick=\"copyAnchor(this)\" data-tooltip=\"Kop\u00edrovat\" data-anchor=\"https:\/\/brandbook.enbra.cz\/?page_id=14#univerzalni-pismo\" aria-hidden=\"true\" class=\"tct-anchor tooltip\" id=\"univerzalni-pismo\"><svg width=\"24\" height=\"24\" viewBox=\"0 0 24 24\" fill=\"none\" xmlns=\"http:\/\/www.w3.org\/2000\/svg\"><g id=\"LINK_IKONA\"><path id=\"Vector\" d=\"M9 7.25H7.5C4.875 7.25 2.75 9.375 2.75 12C2.75 14.625 4.875 16.75 7.5 16.75H9\" stroke=\"#99E1BD\" stroke-width=\"1.5\" stroke-miterlimit=\"10\"\/><path id=\"Vector_2\" d=\"M15 7.25H16.5C19.125 7.25 21.25 9.375 21.25 12C21.25 14.625 19.125 16.75 16.5 16.75H15\" stroke=\"#99E1BD\" stroke-width=\"1.5\" stroke-miterlimit=\"10\"\/><path id=\"Vector_3\" d=\"M7 12H17\" stroke=\"#99E1BD\" stroke-width=\"1.5\" stroke-miterlimit=\"10\"\/><\/g><\/svg><\/button>Univerz\u00e1ln\u00ed p\u00edsmo<\/h2>\n\n\n\n<div class=\"wp-block-buttons is-layout-flex wp-block-buttons-is-layout-flex\">\n<div class=\"wp-block-button yes\"><a class=\"wp-block-button__link wp-element-button\">Sd\u00edlen\u00e9 dokumenty<svg width=\"24\" height=\"24\" viewBox=\"0 0 24 24\" fill=\"none\" xmlns=\"http:\/\/www.w3.org\/2000\/svg\">\n<g id=\"SPRAVNE_IKONA\">\n<path id=\"Vector\" d=\"M12 21.25C17.1086 21.25 21.25 17.1086 21.25 12C21.25 6.89137 17.1086 2.75 12 2.75C6.89137 2.75 2.75 6.89137 2.75 12C2.75 17.1086 6.89137 21.25 12 21.25Z\" stroke=\"white\" stroke-width=\"1.5\" stroke-miterlimit=\"10\"><\/path>\n<path id=\"Vector_2\" d=\"M16.7499 8.745L10.8549 14.64C10.6599 14.835 10.3449 14.835 10.1499 14.64L7.75488 12.245\" stroke=\"white\" stroke-width=\"1.5\" stroke-miterlimit=\"10\"><\/path>\n<\/g>\n<\/svg><\/a><\/div>\n\n\n\n<div class=\"wp-block-button yes\"><a class=\"wp-block-button__link wp-element-button\">E-maily<svg width=\"24\" height=\"24\" viewBox=\"0 0 24 24\" fill=\"none\" xmlns=\"http:\/\/www.w3.org\/2000\/svg\"><g id=\"SPRAVNE_IKONA\"><path id=\"Vector\" d=\"M12 21.25C17.1086 21.25 21.25 17.1086 21.25 12C21.25 6.89137 17.1086 2.75 12 2.75C6.89137 2.75 2.75 6.89137 2.75 12C2.75 17.1086 6.89137 21.25 12 21.25Z\" stroke=\"white\" stroke-width=\"1.5\" stroke-miterlimit=\"10\"><\/path><path id=\"Vector_2\" d=\"M16.7499 8.745L10.8549 14.64C10.6599 14.835 10.3449 14.835 10.1499 14.64L7.75488 12.245\" stroke=\"white\" stroke-width=\"1.5\" stroke-miterlimit=\"10\"><\/path><\/g><\/svg><\/a><\/div>\n\n\n\n<div class=\"wp-block-button no\"><a class=\"wp-block-button__link wp-element-button\">Webdesign<svg width=\"24\" height=\"24\" viewBox=\"0 0 24 24\" fill=\"none\" xmlns=\"http:\/\/www.w3.org\/2000\/svg\">\n<g id=\"Z\u00c3\u0081KAZ_IKONA\">\n<path id=\"Vector\" d=\"M12 21.25C17.1086 21.25 21.25 17.1086 21.25 12C21.25 6.89137 17.1086 2.75 12 2.75C6.89137 2.75 2.75 6.89137 2.75 12C2.75 17.1086 6.89137 21.25 12 21.25Z\" stroke=\"white\" stroke-width=\"1.5\" stroke-miterlimit=\"10\"><\/path>\n<path id=\"Vector_2\" d=\"M15.75 8.25L8.25 15.75\" stroke=\"white\" stroke-width=\"1.5\" stroke-miterlimit=\"10\"><\/path>\n<path id=\"Vector_3\" d=\"M8.25 8.25L15.75 15.75\" stroke=\"white\" stroke-width=\"1.5\" stroke-miterlimit=\"10\"><\/path>\n<\/g>\n<\/svg><\/a><\/div>\n\n\n\n<div class=\"wp-block-button no\"><a class=\"wp-block-button__link wp-element-button\">Marketingov\u00e9 tiskoviny<svg width=\"24\" height=\"24\" viewBox=\"0 0 24 24\" fill=\"none\" xmlns=\"http:\/\/www.w3.org\/2000\/svg\">\n<g id=\"Z\u00c3\u0081KAZ_IKONA\">\n<path id=\"Vector\" d=\"M12 21.25C17.1086 21.25 21.25 17.1086 21.25 12C21.25 6.89137 17.1086 2.75 12 2.75C6.89137 2.75 2.75 6.89137 2.75 12C2.75 17.1086 6.89137 21.25 12 21.25Z\" stroke=\"white\" stroke-width=\"1.5\" stroke-miterlimit=\"10\"><\/path>\n<path id=\"Vector_2\" d=\"M15.75 8.25L8.25 15.75\" stroke=\"white\" stroke-width=\"1.5\" stroke-miterlimit=\"10\"><\/path>\n<path id=\"Vector_3\" d=\"M8.25 8.25L15.75 15.75\" stroke=\"white\" stroke-width=\"1.5\" stroke-miterlimit=\"10\"><\/path>\n<\/g>\n<\/svg><\/a><\/div>\n<\/div>\n<\/div>\n<\/div>\n<\/div>\n\n\n\n<div class=\"wp-block-group strankovac is-vertical is-layout-flex wp-container-core-group-is-layout-8cf370e7 wp-block-group-is-layout-flex\">\n<div class=\"wp-block-buttons is-layout-flex wp-block-buttons-is-layout-flex\">\n<div class=\"wp-block-button\"><a class=\"wp-block-button__link wp-element-button\" href=\"\/barvy\"><svg width=\"25\" height=\"24\" viewBox=\"0 0 25 24\" fill=\"none\" xmlns=\"http:\/\/www.w3.org\/2000\/svg\">\n<g id=\"SIPKA_LEVA_IKONA\">\n<path id=\"Vector\" d=\"M12.5 21.25C17.6086 21.25 21.75 17.1086 21.75 12C21.75 6.89137 17.6086 2.75 12.5 2.75C7.39137 2.75 3.25 6.89137 3.25 12C3.25 17.1086 7.39137 21.25 12.5 21.25Z\" stroke=\"#00B45A\" stroke-width=\"1.5\" stroke-miterlimit=\"10\"><\/path>\n<path id=\"Vector_2\" d=\"M17 12H9.5\" stroke=\"#00B45A\" stroke-width=\"1.5\" stroke-miterlimit=\"10\"><\/path>\n<path id=\"Vector_3\" d=\"M12 15.4999L8.85499 12.3549C8.65999 12.1599 8.65999 11.8449 8.85499 11.6499L12 8.50488\" stroke=\"#00B45A\" stroke-width=\"1.5\" stroke-miterlimit=\"10\"><\/path>\n<\/g>\n<\/svg>Zp\u011bt na: Barvy<\/a><\/div>\n\n\n\n<div class=\"wp-block-button\"><a class=\"wp-block-button__link wp-element-button\" href=\"https:\/\/brandbook.enbra.cz\/fotografie\/\"><svg width=\"24\" height=\"24\" viewbox=\"0 0 24 24\" fill=\"none\" xmlns=\"http:\/\/www.w3.org\/2000\/svg\"><g id=\"SIPKA_PRAVA_IKONA\"><path id=\"Vector\" d=\"M12 21.25C17.1086 21.25 21.25 17.1086 21.25 12C21.25 6.89137 17.1086 2.75 12 2.75C6.89137 2.75 2.75 6.89137 2.75 12C2.75 17.1086 6.89137 21.25 12 21.25Z\" stroke=\"#00B45A\" stroke-width=\"1.5\" stroke-miterlimit=\"10\"><\/path> <path id=\"Vector_2\" d=\"M7.5 12H15\" stroke=\"#00B45A\" stroke-width=\"1.5\" stroke-miterlimit=\"10\"><\/path> <path id=\"Vector_3\" d=\"M12.5 8.5L15.645 11.645C15.84 11.84 15.84 12.155 15.645 12.35L12.5 15.495\" stroke=\"#00B45A\" stroke-width=\"1.5\" stroke-miterlimit=\"10\"><\/path> <\/g> <\/svg>Zjistit v\u00edce o: Fotografie<\/a><\/div>\n<\/div>\n<\/div>\n","protected":false},"excerpt":{"rendered":"<p>Typografie ENBRA Definice hlavn\u00edho p\u00edsma Degular Display dopln\u011bn\u00e1 o vyu\u017eit\u00ed univerz\u00e1ln\u00edho p\u00edsma Aptos. Rychl\u00e1 navigace Hlavn\u00ed p\u00edsmo Hlavn\u00edm p\u00edsmem zna\u010dky ENBRA je Degular Display. Toto bezpatkov\u00e9 p\u00edsmo podporuje technick\u00fd a modern\u00ed charakter zna\u010dky. D\u00edky sv\u00e9 \u010ditelnosti a v\u00fdrazn\u00e9 kresb\u011b je vhodn\u00e9 zejm\u00e9na pro nadpisy, kl\u00ed\u010dov\u00e1 sd\u011blen\u00ed a vizu\u00e1ln\u011b dominantn\u00ed prvky komunikace. Degular Display je licencovan\u00e9 [&hellip;]<\/p>\n","protected":false},"author":1,"featured_media":0,"parent":0,"menu_order":0,"comment_status":"closed","ping_status":"closed","template":"","meta":{"inline_featured_image":false,"footnotes":""},"class_list":["post-14","page","type-page","status-publish","hentry"],"_links":{"self":[{"href":"https:\/\/brandbook.enbra.cz\/index.php?rest_route=\/wp\/v2\/pages\/14","targetHints":{"allow":["GET"]}}],"collection":[{"href":"https:\/\/brandbook.enbra.cz\/index.php?rest_route=\/wp\/v2\/pages"}],"about":[{"href":"https:\/\/brandbook.enbra.cz\/index.php?rest_route=\/wp\/v2\/types\/page"}],"author":[{"embeddable":true,"href":"https:\/\/brandbook.enbra.cz\/index.php?rest_route=\/wp\/v2\/users\/1"}],"replies":[{"embeddable":true,"href":"https:\/\/brandbook.enbra.cz\/index.php?rest_route=%2Fwp%2Fv2%2Fcomments&post=14"}],"version-history":[{"count":66,"href":"https:\/\/brandbook.enbra.cz\/index.php?rest_route=\/wp\/v2\/pages\/14\/revisions"}],"predecessor-version":[{"id":1102,"href":"https:\/\/brandbook.enbra.cz\/index.php?rest_route=\/wp\/v2\/pages\/14\/revisions\/1102"}],"wp:attachment":[{"href":"https:\/\/brandbook.enbra.cz\/index.php?rest_route=%2Fwp%2Fv2%2Fmedia&parent=14"}],"curies":[{"name":"wp","href":"https:\/\/api.w.org\/{rel}","templated":true}]}}